{"id":1738,"date":"2017-11-10T16:44:18","date_gmt":"2017-11-10T14:44:18","guid":{"rendered":"https:\/\/labora.ee\/et\/?post_type=product&#038;p=1738"},"modified":"2023-09-18T18:28:01","modified_gmt":"2023-09-18T15:28:01","slug":"seto-mustritega-onnitluskaartide-komplekt-3-kaarti","status":"publish","type":"product","link":"https:\/\/labora.ee\/et\/shop\/greeting_cards\/seto-mustritega-onnitluskaartide-komplekt-3-kaarti\/","title":{"rendered":"Seto mustritega \u00f5nnitluskaartide komplekt (3 kaarti)"},"content":{"rendered":"<p>Komplekti kuulub kolm k\u00f5rgtr\u00fcki tehnikas teostatud kaarti (punane, kollane ja roheline) koos \u00fcmbrikutega. Nii kaardid kui \u00fcmbrikud on valmistatud 100% taaskasutatud paberist.<\/p>\n<p>\u00d5nnitluskaardid on kokku voldituna A6 formaadis, ent lahtivoldituna A4. K\u00e4sit\u00f6\u00f6paber on valmistatud puuvilla ja taaskasutatud paberi segust.<\/p>\n","protected":false},"excerpt":{"rendered":"<p>On hetki mil tavalisest kaardist lihtsalt ei piisa. Traditsiooniliste seto mustritega kaardid on tr\u00fckitud Labora k\u00e4sit\u00f6\u00f6paberile ja siis volditud majakujuliseks.<\/p>\n<p>L\u00f5una &#8211; Eestis asuv Setomaa on kuulus ka palju enama poolest kui ainult toredad kudumismustrid, kuid just neid tahame me nendel kaartidel maailmaga jagada. T\u00e4nu nendele v\u00f5ivad k\u00f5ik nautida seto mustreid igal pool ja igal ajal ka ilma k\u00e4pikuid kandmata.<\/p>\n","protected":false},"featured_media":3388,"comment_status":"open","ping_status":"closed","template":"","meta":{"_et_pb_use_builder":"","_et_pb_old_content":"","_et_gb_content_width":""},"product_brand":[],"product_cat":[26],"product_tag":[198,138,122,124],"class_list":{"0":"post-1738","1":"product","2":"type-product","3":"status-publish","4":"has-post-thumbnail","6":"product_cat-greeting_cards","7":"product_tag-kalamaja","8":"product_tag-kasitsi-valmistatud-paber","9":"product_tag-korgtrukk","10":"product_tag-onnitluskaart","11":"product_shipping_class-seedbombs","13":"first","14":"outofstock","15":"taxable","16":"shipping-taxable","17":"purchasable","18":"product-type-simple"},"_links":{"self":[{"href":"https:\/\/labora.ee\/et\/wp-json\/wp\/v2\/product\/1738","targetHints":{"allow":["GET"]}}],"collection":[{"href":"https:\/\/labora.ee\/et\/wp-json\/wp\/v2\/product"}],"about":[{"href":"https:\/\/labora.ee\/et\/wp-json\/wp\/v2\/types\/product"}],"replies":[{"embeddable":true,"href":"https:\/\/labora.ee\/et\/wp-json\/wp\/v2\/comments?post=1738"}],"wp:featuredmedia":[{"embeddable":true,"href":"https:\/\/labora.ee\/et\/wp-json\/wp\/v2\/media\/3388"}],"wp:attachment":[{"href":"https:\/\/labora.ee\/et\/wp-json\/wp\/v2\/media?parent=1738"}],"wp:term":[{"taxonomy":"product_brand","embeddable":true,"href":"https:\/\/labora.ee\/et\/wp-json\/wp\/v2\/product_brand?post=1738"},{"taxonomy":"product_cat","embeddable":true,"href":"https:\/\/labora.ee\/et\/wp-json\/wp\/v2\/product_cat?post=1738"},{"taxonomy":"product_tag","embeddable":true,"href":"https:\/\/labora.ee\/et\/wp-json\/wp\/v2\/product_tag?post=1738"}],"curies":[{"name":"wp","href":"https:\/\/api.w.org\/{rel}","templated":true}]}}