{"id":1737,"date":"2017-11-10T16:42:16","date_gmt":"2017-11-10T14:42:16","guid":{"rendered":"https:\/\/labora.ee\/et\/?post_type=product&#038;p=1737"},"modified":"2023-09-18T18:23:55","modified_gmt":"2023-09-18T15:23:55","slug":"majad-kalamajas","status":"publish","type":"product","link":"https:\/\/labora.ee\/et\/shop\/greeting_cards\/majad-kalamajas\/","title":{"rendered":"Majad Kalamajas"},"content":{"rendered":"<p>Labora \u00f5nnitluskaardid on k\u00f5ik valmistatud 100% taaskasutatud paberist. Ainulaadsed kujundused on teostatud k\u00f5rgtr\u00fcki tehnikas, mis m\u00e4ngib ideaalselt kokku k\u00e4sit\u00f6\u00f6paberi faktuurse pinnaga. Sellise kaardiga saabuvad \u00f5nnitlused muudavad iga s\u00fcndmuse veel r\u00f5\u00f5msamaks ja pidulikumaks.<\/p>\n","protected":false},"excerpt":{"rendered":"<p>\u00d5nnitluskaart sarjast &#8220;V\u00e4ikesed mustrid&#8221; &#8211; Vanad, \u00f5dusate puumajadega rajoonid on armastatud paigad nii tallinlastele kui ka turistidele. Saada oma toredad soovid teele koos selle killukesega Eestist.<\/p>\n","protected":false},"featured_media":1723,"comment_status":"open","ping_status":"closed","template":"","meta":{"_et_pb_use_builder":"","_et_pb_old_content":"","_et_gb_content_width":""},"product_brand":[],"product_cat":[26],"product_tag":[198,138,122,124],"class_list":{"0":"post-1737","1":"product","2":"type-product","3":"status-publish","4":"has-post-thumbnail","6":"product_cat-greeting_cards","7":"product_tag-kalamaja","8":"product_tag-kasitsi-valmistatud-paber","9":"product_tag-korgtrukk","10":"product_tag-onnitluskaart","12":"first","13":"outofstock","14":"taxable","15":"shipping-taxable","16":"purchasable","17":"product-type-simple"},"_links":{"self":[{"href":"https:\/\/labora.ee\/et\/wp-json\/wp\/v2\/product\/1737","targetHints":{"allow":["GET"]}}],"collection":[{"href":"https:\/\/labora.ee\/et\/wp-json\/wp\/v2\/product"}],"about":[{"href":"https:\/\/labora.ee\/et\/wp-json\/wp\/v2\/types\/product"}],"replies":[{"embeddable":true,"href":"https:\/\/labora.ee\/et\/wp-json\/wp\/v2\/comments?post=1737"}],"wp:featuredmedia":[{"embeddable":true,"href":"https:\/\/labora.ee\/et\/wp-json\/wp\/v2\/media\/1723"}],"wp:attachment":[{"href":"https:\/\/labora.ee\/et\/wp-json\/wp\/v2\/media?parent=1737"}],"wp:term":[{"taxonomy":"product_brand","embeddable":true,"href":"https:\/\/labora.ee\/et\/wp-json\/wp\/v2\/product_brand?post=1737"},{"taxonomy":"product_cat","embeddable":true,"href":"https:\/\/labora.ee\/et\/wp-json\/wp\/v2\/product_cat?post=1737"},{"taxonomy":"product_tag","embeddable":true,"href":"https:\/\/labora.ee\/et\/wp-json\/wp\/v2\/product_tag?post=1737"}],"curies":[{"name":"wp","href":"https:\/\/api.w.org\/{rel}","templated":true}]}}