{"id":1733,"date":"2017-11-10T16:24:52","date_gmt":"2017-11-10T14:24:52","guid":{"rendered":"https:\/\/labora.ee\/et\/?post_type=product&#038;p=1733"},"modified":"2023-09-18T18:24:08","modified_gmt":"2023-09-18T15:24:08","slug":"kuningkiil","status":"publish","type":"product","link":"https:\/\/labora.ee\/et\/shop\/greeting_cards\/kuningkiil\/","title":{"rendered":"Kuningkiil"},"content":{"rendered":"<p>Kuningkiil on \u00fcks suuremaid kiililiike Euroopas. Tegemist on \u00fcsna uue\u00a0 liigiga siinmail: esimene \u00a0isend Eestis p\u00fc\u00fcti 1989. aastal. Kuningkiil on \u00fcks kiireima lennuga putukad. \u00a0Imekauni v\u00e4rvusega isase kuningkiili n\u00e4gemine on erakordne elamus:\u00a0 helesisnine tagakeha, mille keskel jookseb musta v\u00e4rvi v\u00f6\u00f6t m\u00f6\u00f6da keha ning piki rohelist pead. Et kuningkiil on v\u00f5imeline sigima vaid puhta veega j\u00e4rvedes ja tiikides on ta hea lakmus n\u00e4itamaks meie looduse puhtust.<\/p>\n<p>\u00d5nnitluskaardiga on kaasas\u00a0vandlikarva \u00fcmbrik.<\/p>\n","protected":false},"excerpt":{"rendered":"<div><b>Kas \u00f5nnitluskaardi saatmine tundub vanamoodne? Aga traditsioonilisel meetoditel k\u00e4sitsi valmistatud postkaardi saatmine? M\u00f5nikord on tore olla vanamoodne \u2013 eriti tore on aga postkastist kaarti leida!<\/b><\/div>\n<p>Unikaalne kalligraafiline kujundus pressitakse k\u00e4sitisi valmistatud paberi lihvimata pinda ajaloolises k\u00f5rgtr\u00fcki tehnikas. Meie \u00f5nnitluskaardid on valmistatud 100% taaskasutatud materjalist.<\/p>\n","protected":false},"featured_media":3377,"comment_status":"open","ping_status":"closed","template":"","meta":{"_et_pb_use_builder":"","_et_pb_old_content":"","_et_gb_content_width":""},"product_brand":[],"product_cat":[26],"product_tag":[138,193,124],"class_list":{"0":"post-1733","1":"product","2":"type-product","3":"status-publish","4":"has-post-thumbnail","6":"product_cat-greeting_cards","7":"product_tag-kasitsi-valmistatud-paber","8":"product_tag-kuningkiil","9":"product_tag-onnitluskaart","11":"first","12":"outofstock","13":"taxable","14":"shipping-taxable","15":"purchasable","16":"product-type-simple"},"_links":{"self":[{"href":"https:\/\/labora.ee\/et\/wp-json\/wp\/v2\/product\/1733","targetHints":{"allow":["GET"]}}],"collection":[{"href":"https:\/\/labora.ee\/et\/wp-json\/wp\/v2\/product"}],"about":[{"href":"https:\/\/labora.ee\/et\/wp-json\/wp\/v2\/types\/product"}],"replies":[{"embeddable":true,"href":"https:\/\/labora.ee\/et\/wp-json\/wp\/v2\/comments?post=1733"}],"wp:featuredmedia":[{"embeddable":true,"href":"https:\/\/labora.ee\/et\/wp-json\/wp\/v2\/media\/3377"}],"wp:attachment":[{"href":"https:\/\/labora.ee\/et\/wp-json\/wp\/v2\/media?parent=1733"}],"wp:term":[{"taxonomy":"product_brand","embeddable":true,"href":"https:\/\/labora.ee\/et\/wp-json\/wp\/v2\/product_brand?post=1733"},{"taxonomy":"product_cat","embeddable":true,"href":"https:\/\/labora.ee\/et\/wp-json\/wp\/v2\/product_cat?post=1733"},{"taxonomy":"product_tag","embeddable":true,"href":"https:\/\/labora.ee\/et\/wp-json\/wp\/v2\/product_tag?post=1733"}],"curies":[{"name":"wp","href":"https:\/\/api.w.org\/{rel}","templated":true}]}}