{"id":1711,"date":"2017-11-10T16:24:22","date_gmt":"2017-11-10T14:24:22","guid":{"rendered":"https:\/\/labora.ee\/et\/?post_type=product&#038;p=1711"},"modified":"2023-09-18T18:24:18","modified_gmt":"2023-09-18T15:24:18","slug":"jaalind","status":"publish","type":"product","link":"https:\/\/labora.ee\/et\/shop\/greeting_cards\/jaalind\/","title":{"rendered":"J\u00e4\u00e4lind"},"content":{"rendered":"<p>J\u00e4\u00e4lind valiti Eesti 2014. aasta linnuks. Meie looduses eksootilise ja erakordse sinise\u00a0seljasulestiku t\u00f5ttu kutsutakse teda p\u00f5hjamaade kalliskiviks Talvisel must-valgel maastikul m\u00f5jub j\u00e4\u00e4lind oma v\u00e4rvikireva sulestikuga\u00a0 t\u00f5elise v\u00e4rvipommina. Siinmaal on ta kaitsealune lind, talviseks perioodiks lendab enamus linde Vahemere ja P\u00e4rsia lahe rannikule talvituma. \u00a0\u00a0Eestis eelistab ta elada k\u00f5rgete kallaste, kiire voolu ja selge veega\u00a0<a href=\"https:\/\/et.wikipedia.org\/wiki\/J%C3%B5gi\">j\u00f5gede<\/a>\u00a0\u00e4\u00e4res. Klassikalisteks elupaikadeks on L\u00f5una- ja Kagu-Eesti j\u00f5ed, mille kallastes on palju liivakivi paljandeid, millesse j\u00e4\u00e4linnud oma pesak\u00e4igud kraabivad.\u00a0Nagu inglisekeelne nimetus kingfisher (kuningaskalur) \u00fctleb, on ta \u00a0oivaline kalap\u00fc\u00fcdja.<\/p>\n<p>\u00d5nnitluskaardiga on kaasas\u00a0vandlikarva \u00fcmbrik.<\/p>\n","protected":false},"excerpt":{"rendered":"<p><b>Kas \u00f5nnitluskaardi saatmine tundub vanamoodne? Aga traditsioonilisel meetoditel k\u00e4sitsi valmistatud postkaardi saatmine? M\u00f5nikord on tore olla vanamoodne \u2013 eriti tore on aga postkastist kaarti leida!<\/b><\/p>\n<p>Unikaalne kalligraafiline kujundus pressitakse k\u00e4sitisi valmistatud paberi lihvimata pinda ajaloolises k\u00f5rgtr\u00fcki tehnikas. Meie \u00f5nnitluskaardid on valmistatud 100% taaskasutatud materjalist.<\/p>\n","protected":false},"featured_media":3381,"comment_status":"open","ping_status":"closed","template":"","meta":{"_et_pb_use_builder":"","_et_pb_old_content":"","_et_gb_content_width":""},"product_brand":[],"product_cat":[26],"product_tag":[45,138,124],"class_list":{"0":"post-1711","1":"product","2":"type-product","3":"status-publish","4":"has-post-thumbnail","6":"product_cat-greeting_cards","7":"product_tag-jaalind","8":"product_tag-kasitsi-valmistatud-paber","9":"product_tag-onnitluskaart","11":"first","12":"outofstock","13":"taxable","14":"shipping-taxable","15":"purchasable","16":"product-type-simple"},"_links":{"self":[{"href":"https:\/\/labora.ee\/et\/wp-json\/wp\/v2\/product\/1711","targetHints":{"allow":["GET"]}}],"collection":[{"href":"https:\/\/labora.ee\/et\/wp-json\/wp\/v2\/product"}],"about":[{"href":"https:\/\/labora.ee\/et\/wp-json\/wp\/v2\/types\/product"}],"replies":[{"embeddable":true,"href":"https:\/\/labora.ee\/et\/wp-json\/wp\/v2\/comments?post=1711"}],"wp:featuredmedia":[{"embeddable":true,"href":"https:\/\/labora.ee\/et\/wp-json\/wp\/v2\/media\/3381"}],"wp:attachment":[{"href":"https:\/\/labora.ee\/et\/wp-json\/wp\/v2\/media?parent=1711"}],"wp:term":[{"taxonomy":"product_brand","embeddable":true,"href":"https:\/\/labora.ee\/et\/wp-json\/wp\/v2\/product_brand?post=1711"},{"taxonomy":"product_cat","embeddable":true,"href":"https:\/\/labora.ee\/et\/wp-json\/wp\/v2\/product_cat?post=1711"},{"taxonomy":"product_tag","embeddable":true,"href":"https:\/\/labora.ee\/et\/wp-json\/wp\/v2\/product_tag?post=1711"}],"curies":[{"name":"wp","href":"https:\/\/api.w.org\/{rel}","templated":true}]}}