{"id":1710,"date":"2017-11-09T14:30:42","date_gmt":"2017-11-09T12:30:42","guid":{"rendered":"https:\/\/labora.ee\/et\/?post_type=product&#038;p=1710"},"modified":"2023-09-18T18:28:10","modified_gmt":"2023-09-18T15:28:10","slug":"puhas-postkaart","status":"publish","type":"product","link":"https:\/\/labora.ee\/et\/shop\/muu\/puhas-postkaart\/","title":{"rendered":"Puhas Postkaart (5 tk)"},"content":{"rendered":"<p>Puhaste postkaartide komplekt on ideaalne igasuguseks kalligraafiaks v\u00f5i akvarellitehnikaks. \u00dcks k\u00fclg on puhas, oodates sinu loodavat kunstiteost ja teisele k\u00fcljele on tr\u00fckitud aadressi saatmiseks vajalik joonestik.<\/p>\n<p>&nbsp;<\/p>\n","protected":false},"excerpt":{"rendered":"<p>T\u00fchi postkaart. Puhas leht, mis ootab su m\u00f5tteid ja loomingulist enesev\u00e4ljendust selle parimal moel. Luba sellel v\u00e4ikesel ja lihtsal formaadil olla millegi unikaalse inspireerijaks ning siis pole muud, kui kirjuta p\u00f6\u00f6rdele tr\u00fckitud joonestikule oma s\u00f5bra aadress ja postita talle oma parimad soovid ja tervitused.<\/p>\n<p>Komplektis on viis A6 formaadis kaarti.<\/p>\n","protected":false},"featured_media":1708,"comment_status":"open","ping_status":"closed","template":"","meta":{"_et_pb_use_builder":"","_et_pb_old_content":"","_et_gb_content_width":""},"product_brand":[],"product_cat":[222],"product_tag":[191,120,138,192],"class_list":{"0":"post-1710","1":"product","2":"type-product","3":"status-publish","4":"has-post-thumbnail","6":"product_cat-muu","7":"product_tag-akvarell","8":"product_tag-kalligraafia","9":"product_tag-kasitsi-valmistatud-paber","10":"product_tag-puhas-postkaart","12":"first","13":"outofstock","14":"taxable","15":"shipping-taxable","16":"purchasable","17":"product-type-simple"},"_links":{"self":[{"href":"https:\/\/labora.ee\/et\/wp-json\/wp\/v2\/product\/1710","targetHints":{"allow":["GET"]}}],"collection":[{"href":"https:\/\/labora.ee\/et\/wp-json\/wp\/v2\/product"}],"about":[{"href":"https:\/\/labora.ee\/et\/wp-json\/wp\/v2\/types\/product"}],"replies":[{"embeddable":true,"href":"https:\/\/labora.ee\/et\/wp-json\/wp\/v2\/comments?post=1710"}],"wp:featuredmedia":[{"embeddable":true,"href":"https:\/\/labora.ee\/et\/wp-json\/wp\/v2\/media\/1708"}],"wp:attachment":[{"href":"https:\/\/labora.ee\/et\/wp-json\/wp\/v2\/media?parent=1710"}],"wp:term":[{"taxonomy":"product_brand","embeddable":true,"href":"https:\/\/labora.ee\/et\/wp-json\/wp\/v2\/product_brand?post=1710"},{"taxonomy":"product_cat","embeddable":true,"href":"https:\/\/labora.ee\/et\/wp-json\/wp\/v2\/product_cat?post=1710"},{"taxonomy":"product_tag","embeddable":true,"href":"https:\/\/labora.ee\/et\/wp-json\/wp\/v2\/product_tag?post=1710"}],"curies":[{"name":"wp","href":"https:\/\/api.w.org\/{rel}","templated":true}]}}