{"id":855,"date":"2016-08-15T22:12:57","date_gmt":"2016-08-15T22:12:57","guid":{"rendered":"http:\/\/labora.ee\/et\/?page_id=855"},"modified":"2017-05-02T15:27:15","modified_gmt":"2017-05-02T12:27:15","slug":"faq","status":"publish","type":"page","link":"https:\/\/labora.ee\/et\/faq\/","title":{"rendered":"Korduma kippuvad k\u00fcsimused"},"content":{"rendered":"<p><b>Milliseid makseviise te aktsepteerite?<\/b><\/p>\n<p>Aktsepteerime makseid l\u00e4bi Maksekeskuse Eesti pangalinkide ja PayPal\u2019i.<\/p>\n<p><b>Riik, kus ma viibin, ei luba seemneid importida. Kas ma v\u00f5in sellegipoolest seemnepaberit tellida?<\/b><\/p>\n<p><span style=\"font-weight: 400;\">Kahjuks ei. Kui piirang v\u00f5i keeld on meile teada, siis me tellimust v\u00e4lja ei saada. <\/span><\/p>\n<p><span style=\"font-weight: 400;\">Seemnete importimise reeglid v\u00f5ivad olla ebam\u00e4\u00e4raselt s\u00f5nastatud. Kui kahtlete, kas teie riiki v\u00f5ib seemneid saata, konsulteerige kindlasti kohalike ametkondadega (nt postkontoriga). Kui meie andmetel ei ole teie riiki seemnepaberi saatmine lubatud, aga saate kohalikust postkontorist teistsuguse vastuse, andke palun teada &#8211; saadame kaardid hea meelega teele! Kui teil ei ole v\u00f5imalik seemnepaberit tellida, v\u00f5ite alati valida m\u00f5ne meie seemneteta <\/span><a href=\"http:\/\/labora.ee\/product-category\/postcards\/\"><span style=\"font-weight: 400;\">kaartidest<\/span><\/a><span style=\"font-weight: 400;\">.<\/span><\/p>\n<p><b>Kuidas seemnepaberist kaarti istutada?<\/b><\/p>\n<p><span style=\"font-weight: 400;\">See on v\u00e4ga lihtne, juhendi istutamise kohta leiate <\/span><span style=\"font-weight: 400;\"><a href=\"http:\/\/labora.ee\/et\/seemne-paber\/\">siit<\/a>. <\/span><span style=\"font-weight: 400;\">K\u00f5ige olulisem on mitte lasta paberil seemnete idanemisperioodil \u00e4ra kuivada, sest siis saavad seemned hukka ja \u00a0ei hakka enam uuesti kasvama.<\/span><\/p>\n<p><b>Minu seemnekaart ei l\u00e4inud kasvama, miks nii?\u00a0<\/b><\/p>\n<p>Seda v\u00f5i juhtuda. Kui istutatud seemnekaart ei l\u00e4he kasvama, on selle p\u00f5hjuseks enamasti see, et kaart on idamemisperioodil kogemata \u00e4ra kuivanud. \u00c4rge muretsege, saatke meile lihtsalt foto oma istutatud seemnekaardist ja me saadame teile uue seemnekaardi tasuta!<\/p>\n<p><b>Soovin tellida tr\u00fckiseid ja\/v\u00f5i kalligraafiat eriliseks s\u00fcndmuseks. Mis ma selleks tegema pean?<\/b><\/p>\n<p><span style=\"font-weight: 400;\">Heitke pilk <a href=\"http:\/\/labora.ee\/et\/kalligraafia-kool\/kalligraafia-portfoolio\/\">kalligraafiaportfooliole<\/a><\/span><span style=\"font-weight: 400;\">\u00a0ja tehtud <a href=\"http:\/\/labora.ee\/et\/portfolio\/\">tr\u00fckistele<\/a><\/span><span style=\"font-weight: 400;\">, et saada \u00fclevaade meie tehtud t\u00f6\u00f6dest. Samuti soovitame l\u00e4bi lugeda kodulehek\u00fclje <\/span><span style=\"font-weight: 400;\">tellimuste<\/span><span style=\"font-weight: 400;\"> osa, et paremini aru saada meie t\u00f6\u00f6kodade v\u00f5imalustest ja t\u00f6\u00f6de ligikaudsetest hindadest. <\/span><a href=\"http:\/\/labora.ee\/et\/kontakt\/\"><span style=\"font-weight: 400;\">V\u00f5tke meiega \u00fchendust <\/span><\/a><span style=\"font-weight: 400;\">\u00a0ja arutame teie idee l\u00e4bi &#8211; oleme alati avatud koost\u00f6\u00f6ks!<\/span><\/p>\n<p><b>Kuidas ma saan ennast t\u00f6\u00f6tubadesse kirja panna?<\/b><\/p>\n<p><span style=\"font-weight: 400;\">Vaadake \u00fcle meie poolt pakutavate <a href=\"http:\/\/labora.ee\/et\/workshops\/\">t\u00f6\u00f6tubade <\/a><\/span><span style=\"font-weight: 400;\">nimekiri<\/span><span style=\"font-weight: 400;\">. Kui olete endale huvitava t\u00f6\u00f6toa leidnud, v\u00f5tke meiega \u00fchendust: tallinnapaber@labora.ee v\u00f5i +372 64 119 63.<\/span><\/p>\n<p><span style=\"font-weight: 400;\">J\u00e4lgige meie tegemisi sotsiaalmeedias v\u00f5i tellige uudiskiri &#8211; nii olete alati esimene, kes meie uutest v\u00f5i \u00fchekordsetest t\u00f6\u00f6tubadest kuuleb!<\/span><\/p>\n<p><b>Kas ma v\u00f5in kalligraafiakursusega liituda ka keset kooliaastat?<\/b><\/p>\n<p><span style=\"font-weight: 400;\">K\u00f5ige parem on end kursusele kirja panna enne \u00f5ppeaasta algust &#8211; nii v\u00f5ite olla kindel, et saate koha meie kalligraafiaklassis. <\/span><\/p>\n<p><span style=\"font-weight: 400;\">Kui kooliaasta on juba alanud, v\u00f5tke ikkagi \u00fchendust meie kooli juhi Tatianaga (kirjakool@gmail.com or +372 58 16 84 44) &#8211; v\u00f5ibolla on m\u00f5ni koht just teie jaoks vabaks j\u00e4\u00e4nud! Kursustele on oodatud nii algajad kui edasij\u00f5udnud.<\/span><\/p>\n<p><b>Kust saab osta Labora seemnekaarte ja teisi tr\u00fckiseid?<\/b><\/p>\n<p>K\u00f5ige suurema valiku meie toodetest leiate Tallinna vanalinnas asuvast Labora poest (Vene tn 18). Sealt leiate nii seemne-, post- kui \u00f5nnitluskaarte ja suuremaid tr\u00fckiseid.<\/p>\n<p><strong>Meie toodete edasim\u00fc\u00fcjad Tallinnas on:<\/strong><\/p>\n<p>Solarise keskuse Apollo raamatupood (Estonia puiestee 9) \u2013 seemnekaardid ja postkaardid<\/p>\n<p>Eesti Posti Tallinna postkontor (Narva mnt 1) \u2013 seemnekaardid ja postkaardid<\/p>\n<p>Eesti Posti Toompea postkontor (Lossi plats 4) \u2013 postkaardid<\/p>\n<p>H\u00e4\u00e4 Eesti Asi (Viru 23 ja Tallinna lennujaam) \u2013 postkaardid<\/p>\n<p>Eesti Esindus (Viru 3) \u2013 seemnekaardid ja postkaardid<\/p>\n<p>Puu- ja putukapood (Vene 6) \u2013 postkaardid<\/p>\n<p>Katariina hoov (Katariina k\u00e4igus) \u2013 postkaardid<\/p>\n<p>P\u00fchavaimu post (P\u00fchavaimu 2) \u2013 postkaardid<\/p>\n<p>Hindricus (L\u00fchike jalg 2) \u2013 seemnekaardid ja postkaardid<\/p>\n<p>Eesti K\u00e4sit\u00f6\u00f6 Liit (Pikk 22) \u2013 postkaardid<\/p>\n<p>Oleviste kirik (Lai 50) \u2013 postkaardid<\/p>\n<p>Raamatukoi raamatupood (Harju 1a) \u2013 postkaardid<\/p>\n<p>Eesti Ajaloomuuseumi muuseumipood (B\u00f6rsi k\u00e4ik) \u2013 seemnekaardid ja postkaardid<\/p>\n<p>Rode kaubamaja (Pikk 15) \u2013 seemnekaardid ja postkaardid<\/p>\n<p>Eesti Loodusmuuseum (Lai 29a) \u2013 seemnekaardid ja postkaardid<\/p>\n<p>Les Petites (Telliskivi 60a) \u2013 seemnekaardid<\/p>\n<p>Nu Nordik (Vabaduse v\u00e4ljak 8) \u2013 seemnekaardid<\/p>\n<p>Krunnipea butiik (Kaarli pst 7) \u2013 seemnekaardid ja postkaardid<\/p>\n<p>Eesti Disaini Maja (Kalasadama 8) \u2013 seemnekaardid<\/p>\n<p>Aianduskeskus Hortes (Seljaku 4b) \u2013 seemnekaardid<\/p>\n<p>Stockmanni kaubamaja lillepood (Liivalaia 53) \u2013 seemnekaardid<\/p>\n<p>Sidruniga tee (Telliskivi 57) \u2013 seemnekaardid<\/p>\n<p>Trendgardens \u2013 seemnekaardid<\/p>\n<p>Kingiabi \u00dclemiste keskuses (Suur-S\u00f5jam\u00e4e 4) &#8211; seemnekaardid<\/p>\n<p><strong>Mujal Eestis:<\/strong><\/p>\n<p>Tartu Disainimaja (Kalevi 15, Tartu) \u2013 postkaardid ja seemnekaardid<\/p>\n<p>Tartu \u00dclikooli muuseumipood (Lossi 25, Tartu) \u2013 postkaardid ja seemnekaardid<\/p>\n<p>Slow (Kastani 42, Tartu) \u2013 seemnekaardid<\/p>\n<p>Kingiabi L\u00f5unakeskuses (Ringtee 75\u00a0 Tartu) &#8211; seemnekaardid<\/p>\n<p>Kondase Keskus (Pikk, Viljandi) \u2013 postkaardid<\/p>\n<p>Lossikamber (Lossi 9, Viljandi) \u2013 postkaardid ja seemnekaardid<\/p>\n<p>Leiukoht (M\u00e4e-Liisi talu, Saksi) \u2013 seemnekaardid<\/p>\n<p>Saaremaa Kunstistuudio (Lossi 5, Kuressaare) \u2013 postkaardid ja seemnekaardid<\/p>\n<p><strong>Soomes:<\/strong><\/p>\n<p>Nide raamatupood (Frederinkikatu 35, Helsinki) \u2013 seemnekaardid<\/p>\n","protected":false},"excerpt":{"rendered":"<p>Milliseid makseviise te aktsepteerite? Aktsepteerime makseid l\u00e4bi Maksekeskuse Eesti pangalinkide ja PayPal\u2019i. Riik, kus ma viibin, ei luba seemneid importida. Kas ma v\u00f5in sellegipoolest seemnepaberit tellida? Kahjuks ei. Kui piirang v\u00f5i keeld on meile teada, siis me tellimust v\u00e4lja ei saada. Seemnete importimise reeglid v\u00f5ivad olla ebam\u00e4\u00e4raselt s\u00f5nastatud. Kui kahtlete, kas teie riiki v\u00f5ib seemneid [&hellip;]<\/p>\n","protected":false},"author":2,"featured_media":0,"parent":0,"menu_order":0,"comment_status":"closed","ping_status":"closed","template":"","meta":{"_et_pb_use_builder":"","_et_pb_old_content":"","_et_gb_content_width":"","footnotes":""},"class_list":["post-855","page","type-page","status-publish","hentry"],"_links":{"self":[{"href":"https:\/\/labora.ee\/et\/wp-json\/wp\/v2\/pages\/855","targetHints":{"allow":["GET"]}}],"collection":[{"href":"https:\/\/labora.ee\/et\/wp-json\/wp\/v2\/pages"}],"about":[{"href":"https:\/\/labora.ee\/et\/wp-json\/wp\/v2\/types\/page"}],"author":[{"embeddable":true,"href":"https:\/\/labora.ee\/et\/wp-json\/wp\/v2\/users\/2"}],"replies":[{"embeddable":true,"href":"https:\/\/labora.ee\/et\/wp-json\/wp\/v2\/comments?post=855"}],"version-history":[{"count":5,"href":"https:\/\/labora.ee\/et\/wp-json\/wp\/v2\/pages\/855\/revisions"}],"predecessor-version":[{"id":1596,"href":"https:\/\/labora.ee\/et\/wp-json\/wp\/v2\/pages\/855\/revisions\/1596"}],"wp:attachment":[{"href":"https:\/\/labora.ee\/et\/wp-json\/wp\/v2\/media?parent=855"}],"curies":[{"name":"wp","href":"https:\/\/api.w.org\/{rel}","templated":true}]}}