{"id":67,"date":"2016-05-10T12:09:37","date_gmt":"2016-05-10T12:09:37","guid":{"rendered":"http:\/\/labora.ee\/et\/cart\/"},"modified":"2020-03-23T15:52:54","modified_gmt":"2020-03-23T13:52:54","slug":"cart","status":"publish","type":"page","link":"https:\/\/labora.ee\/et\/cart\/","title":{"rendered":"Ostukorv"},"content":{"rendered":"<p>[et_pb_section fb_built=&#8221;1&#8243; admin_label=&#8221;section&#8221; _builder_version=&#8221;3.22&#8243;][et_pb_row _builder_version=&#8221;4.4.1&#8243;][et_pb_column _builder_version=&#8221;4.4.1&#8243; type=&#8221;4_4&#8243;][et_pb_cta title=&#8221;Kas tekkis k\u00fcsimusi?&#8221; button_text=&#8221;Click Here&#8221; _builder_version=&#8221;4.4.1&#8243; background_color=&#8221;#ffffff&#8221; body_text_color=&#8221;#000000&#8243; header_text_color=&#8221;#0c71c3&#8243; hover_enabled=&#8221;0&#8243;]<\/p>\n<p>Hea meelega vastame teie k\u00fcsimustele seoses veebipoega. Palun v\u00f5tke meiega \u00fchendust <strong><a href=\"mailto:info@labora.ee?Subject=e%20pood\" target=\"_top\" rel=\"noopener noreferrer\">info@labora.ee<\/a><\/strong> <br \/>v\u00f5i helistage <strong>+372 56 675 672<\/strong> . Ait\u00e4h!<\/p>\n<p>[\/et_pb_cta][\/et_pb_column][\/et_pb_row][et_pb_row admin_label=&#8221;row&#8221; _builder_version=&#8221;3.25&#8243; background_size=&#8221;initial&#8221; background_position=&#8221;top_left&#8221; background_repeat=&#8221;repeat&#8221;][et_pb_column type=&#8221;4_4&#8243; _builder_version=&#8221;3.25&#8243; custom_padding=&#8221;|||&#8221; custom_padding__hover=&#8221;|||&#8221;][et_pb_text admin_label=&#8221;Text&#8221; _builder_version=&#8221;3.27.4&#8243; background_size=&#8221;initial&#8221; background_position=&#8221;top_left&#8221; background_repeat=&#8221;repeat&#8221;][\/et_pb_text][\/et_pb_column][\/et_pb_row][\/et_pb_section][et_pb_section fb_built=&#8221;1&#8243; _builder_version=&#8221;4.4.1&#8243;][\/et_pb_section]<\/p>\n","protected":false},"excerpt":{"rendered":"<p>Hea meelega vastame teie k\u00fcsimustele seoses veebipoega. Palun v\u00f5tke meiega \u00fchendust info@labora.ee v\u00f5i helistage +372 56 675 672 . Ait\u00e4h!<\/p>\n","protected":false},"author":2,"featured_media":0,"parent":0,"menu_order":0,"comment_status":"closed","ping_status":"open","template":"","meta":{"_et_pb_use_builder":"on","_et_pb_old_content":"[woocommerce_cart]","_et_gb_content_width":"","footnotes":""},"class_list":["post-67","page","type-page","status-publish","hentry"],"_links":{"self":[{"href":"https:\/\/labora.ee\/et\/wp-json\/wp\/v2\/pages\/67","targetHints":{"allow":["GET"]}}],"collection":[{"href":"https:\/\/labora.ee\/et\/wp-json\/wp\/v2\/pages"}],"about":[{"href":"https:\/\/labora.ee\/et\/wp-json\/wp\/v2\/types\/page"}],"author":[{"embeddable":true,"href":"https:\/\/labora.ee\/et\/wp-json\/wp\/v2\/users\/2"}],"replies":[{"embeddable":true,"href":"https:\/\/labora.ee\/et\/wp-json\/wp\/v2\/comments?post=67"}],"version-history":[{"count":4,"href":"https:\/\/labora.ee\/et\/wp-json\/wp\/v2\/pages\/67\/revisions"}],"predecessor-version":[{"id":3750,"href":"https:\/\/labora.ee\/et\/wp-json\/wp\/v2\/pages\/67\/revisions\/3750"}],"wp:attachment":[{"href":"https:\/\/labora.ee\/et\/wp-json\/wp\/v2\/media?parent=67"}],"curies":[{"name":"wp","href":"https:\/\/api.w.org\/{rel}","templated":true}]}}