{"id":54,"date":"2008-09-17T16:53:25","date_gmt":"2008-09-17T21:53:25","guid":{"rendered":"http:\/\/dev.wpcoder.com\/dan\/wordpress\/?page_id=2"},"modified":"2022-03-10T18:21:05","modified_gmt":"2022-03-10T16:21:05","slug":"meist","status":"publish","type":"page","link":"https:\/\/labora.ee\/et\/meist\/","title":{"rendered":"Meist"},"content":{"rendered":"<p>[et_pb_section fb_built=&#8221;1&#8243; fullwidth=&#8221;on&#8221; _builder_version=&#8221;3.22&#8243;][et_pb_fullwidth_header title=&#8221;Labora&#8221; _builder_version=&#8221;3.16&#8243; title_font_size=&#8221;36px&#8221; background_color=&#8221;rgba(255, 255, 255, 0)&#8221; background_image=&#8221;http:\/\/labora.ee\/et\/wp-content\/uploads\/2008\/09\/aboutusbanner.jpg&#8221; background_layout=&#8221;light&#8221; background_url=&#8221;http:\/\/labora.ee\/et\/wp-content\/uploads\/2008\/09\/aboutusbanner.jpg&#8221; button_one_letter_spacing_hover=&#8221;0&#8243; button_two_letter_spacing_hover=&#8221;0&#8243; button_one_text_size__hover_enabled=&#8221;off&#8221; button_one_text_size__hover=&#8221;null&#8221; button_two_text_size__hover_enabled=&#8221;off&#8221; button_two_text_size__hover=&#8221;null&#8221; button_one_text_color__hover_enabled=&#8221;off&#8221; button_one_text_color__hover=&#8221;null&#8221; button_two_text_color__hover_enabled=&#8221;off&#8221; button_two_text_color__hover=&#8221;null&#8221; button_one_border_width__hover_enabled=&#8221;off&#8221; button_one_border_width__hover=&#8221;null&#8221; button_two_border_width__hover_enabled=&#8221;off&#8221; button_two_border_width__hover=&#8221;null&#8221; button_one_border_color__hover_enabled=&#8221;off&#8221; button_one_border_color__hover=&#8221;null&#8221; button_two_border_color__hover_enabled=&#8221;off&#8221; button_two_border_color__hover=&#8221;null&#8221; button_one_border_radius__hover_enabled=&#8221;off&#8221; button_one_border_radius__hover=&#8221;null&#8221; button_two_border_radius__hover_enabled=&#8221;off&#8221; button_two_border_radius__hover=&#8221;null&#8221; button_one_letter_spacing__hover_enabled=&#8221;on&#8221; button_one_letter_spacing__hover=&#8221;0&#8243; button_two_letter_spacing__hover_enabled=&#8221;on&#8221; button_two_letter_spacing__hover=&#8221;0&#8243; button_one_bg_color__hover_enabled=&#8221;off&#8221; button_one_bg_color__hover=&#8221;null&#8221; button_two_bg_color__hover_enabled=&#8221;off&#8221; button_two_bg_color__hover=&#8221;null&#8221;][\/et_pb_fullwidth_header][\/et_pb_section][et_pb_section fb_built=&#8221;1&#8243; _builder_version=&#8221;3.22&#8243;][et_pb_row _builder_version=&#8221;3.25&#8243; background_size=&#8221;initial&#8221; background_position=&#8221;top_left&#8221; background_repeat=&#8221;repeat&#8221;][et_pb_column type=&#8221;4_4&#8243; _builder_version=&#8221;3.25&#8243; custom_padding=&#8221;|||&#8221; custom_padding__hover=&#8221;|||&#8221;][et_pb_text _builder_version=&#8221;3.27.4&#8243; text_line_height=&#8221;1.8em&#8221; background_size=&#8221;initial&#8221; background_position=&#8221;top_left&#8221; background_repeat=&#8221;repeat&#8221; use_border_color=&#8221;off&#8221; border_color=&#8221;#ffffff&#8221; border_style=&#8221;solid&#8221;]Labora \u00fchendab Tallinna Paberi ja Tallinna Kalligaafia Kooli meistrite kogemusi ja oskusi. Pakume erakordset kombinatsiooni k\u00f5rgtr\u00fckist, k\u00e4sitsi valmistatud paberist ja kalligraafiast. Traditsioonilisi tehnikaid kaasaegse disainiga \u00fchendades loome unikaalseid ja inspireerivaid tooteid. Oleme uhked iga enda valmistatud eseme \u00fcle. Enne teieni j\u00f5udmist k\u00e4ib iga toode\u00a0 l\u00e4bi mitmete k\u00e4te ning j\u00f5uab teieni koos oma isikliku looga.<\/p>\n<p>Labora missiooniks on julgustada inimesi saatma positiivseid s\u00f5numeid \u00fcle terve maailma. Selleks loome kaarte, mis inspireerivad \u00fcksteisega m\u00f5testatud, isiklikul ja meeldej\u00e4\u00e4val viisil kontakti hoidma. Illustratsioone kalligraafia ja t\u00fcpograafiaga kombineerides on meie eesm\u00e4rgiks maailma ilu lisada.<\/p>\n<p>Labora meistrid t\u00f6\u00f6tavad \u00fcheskoos Tallinna vanalinnas asuva <a href=\"http:\/\/www.ukk.ee\">Ukraina Kultuurikeskuse<\/a> katuse all. Oma k\u00e4sit\u00f6\u00f6na valminud toodangut m\u00fc\u00fcme Tallinna vanalinnas asuvas Labora poes (lisainfo allpool), <a href=\"https:\/\/labora.ee\/et\/shop\/\">e-poes<\/a> ning mitmetes teistes paikades Eestis ja mujal (edasim\u00fc\u00fcjate nimekirja leiate <a href=\"https:\/\/labora.ee\/et\/faq\/\">siit<\/a>). Kui soovite meiega isiklikult kohtuda, <a href=\"https:\/\/labora.ee\/et\/kontakt\/\">leppige palun aeg kokku<\/a> ja tulge l\u00e4bi! Leiate meid Labora t\u00f6\u00f6kodadest aadressil Laboratooriumi 22, Tallinn.<br \/>\n[\/et_pb_text][\/et_pb_column][\/et_pb_row][et_pb_row column_structure=&#8221;1_3,1_3,1_3&#8243; _builder_version=&#8221;3.25&#8243; background_size=&#8221;initial&#8221; background_position=&#8221;top_left&#8221; background_repeat=&#8221;repeat&#8221;][et_pb_column type=&#8221;1_3&#8243; _builder_version=&#8221;3.25&#8243; custom_padding=&#8221;|||&#8221; custom_padding__hover=&#8221;|||&#8221;][et_pb_team_member name=&#8221;Nestor Ljutjuk&#8221; image_url=&#8221;https:\/\/labora.ee\/et\/wp-content\/uploads\/2008\/09\/nestor12.jpg&#8221; admin_label=&#8221;Nestor&#8221; _builder_version=&#8221;3.0.87&#8243; background_size=&#8221;initial&#8221; background_position=&#8221;top_left&#8221; background_repeat=&#8221;repeat&#8221; use_border_color=&#8221;off&#8221; border_color=&#8221;#ffffff&#8221; border_style=&#8221;solid&#8221;]<span style=\"font-weight: 400;\">Labora asutaja ja tegevdirektori, illustraatori ja graafilise disainerina tegeleb ta uute toodete ning ettev\u00f5tte kunstilise visiooni arendamisega.<\/span><br \/>\n[\/et_pb_team_member][\/et_pb_column][et_pb_column type=&#8221;1_3&#8243; _builder_version=&#8221;3.25&#8243; custom_padding=&#8221;|||&#8221; custom_padding__hover=&#8221;|||&#8221;][et_pb_team_member name=&#8221;Hannah Harkes&#8221; image_url=&#8221;https:\/\/labora.ee\/et\/wp-content\/uploads\/2018\/11\/hannahweb.jpg&#8221; admin_label=&#8221;Hannah&#8221; _builder_version=&#8221;3.16.1&#8243; background_size=&#8221;initial&#8221; background_position=&#8221;top_left&#8221; background_repeat=&#8221;repeat&#8221; use_border_color=&#8221;off&#8221;]<span style=\"font-weight: 400;\">Peatr\u00fckimeister. Leiate ta k\u00f5rgt\u00fckikojast tr\u00fckiste ja paberihunnikute vahel toimetamas.<\/span><br \/>\n[\/et_pb_team_member][\/et_pb_column][et_pb_column type=&#8221;1_3&#8243; _builder_version=&#8221;3.25&#8243; custom_padding=&#8221;|||&#8221; custom_padding__hover=&#8221;|||&#8221;][et_pb_team_member name=&#8221;Tatiana Iakovleva&#8221; image_url=&#8221;http:\/\/labora.ee\/et\/wp-content\/uploads\/2008\/09\/3.jpg&#8221; admin_label=&#8221;Tatiana&#8221; _builder_version=&#8221;3.0.87&#8243; background_size=&#8221;initial&#8221; background_position=&#8221;top_left&#8221; background_repeat=&#8221;repeat&#8221; use_border_color=&#8221;off&#8221; border_color=&#8221;#ffffff&#8221; border_style=&#8221;solid&#8221;]<span style=\"font-weight: 400;\">Tallinna Kalligraafia Kooli juhataja. Kui ta parajasti ei \u00f5peta, teostab ta kalligraafiatellimusi v\u00f5i hoolitseb meie roosiaia eest.<\/span><br \/>\n[\/et_pb_team_member][\/et_pb_column][\/et_pb_row][et_pb_row column_structure=&#8221;1_3,1_3,1_3&#8243; _builder_version=&#8221;3.25&#8243; background_size=&#8221;initial&#8221; background_position=&#8221;top_left&#8221; background_repeat=&#8221;repeat&#8221;][et_pb_column type=&#8221;1_3&#8243; _builder_version=&#8221;3.25&#8243; custom_padding=&#8221;|||&#8221; custom_padding__hover=&#8221;|||&#8221;][et_pb_team_member name=&#8221;Linda Viikant&#8221; image_url=&#8221;https:\/\/labora.ee\/et\/wp-content\/uploads\/2020\/03\/IMG_4230.jpg&#8221; admin_label=&#8221;Piia&#8221; _builder_version=&#8221;3.19.7&#8243; background_size=&#8221;initial&#8221; background_position=&#8221;top_left&#8221; background_repeat=&#8221;repeat&#8221; use_border_color=&#8221;off&#8221;]<\/p>\n<p>Linda veedab suurema osa ajast paberikojas valmistades paberimassist uut paberit. Paberimassi sisse puistab ta lilleseemneid, millest hiljem kaunid p\u00f5llulilled sirguvad.<\/p>\n<p>[\/et_pb_team_member][\/et_pb_column][et_pb_column type=&#8221;1_3&#8243; _builder_version=&#8221;3.25&#8243; custom_padding=&#8221;|||&#8221; custom_padding__hover=&#8221;|||&#8221;][et_pb_team_member name=&#8221;D\u017eambur&#8221; image_url=&#8221;https:\/\/labora.ee\/et\/wp-content\/uploads\/2008\/09\/7.jpg&#8221; admin_label=&#8221;D\u017eambur&#8221; _builder_version=&#8221;4.4.3&#8243; background_size=&#8221;initial&#8221; background_position=&#8221;top_left&#8221; background_repeat=&#8221;repeat&#8221; use_border_color=&#8221;off&#8221; border_color=&#8221;#ffffff&#8221; border_style=&#8221;solid&#8221;]<span style=\"font-weight: 400;\">Kui ta just m\u00f6\u00f6da t\u00e4navaid ei luusi v\u00f5i Mu\u0161kaga ei kraakle, on ta end korvi sees r\u00f5ngasse kerinud ja inspekteerib kalligraafiatundides toimuvat. <\/span><br \/>\n[\/et_pb_team_member][\/et_pb_column][et_pb_column type=&#8221;1_3&#8243; _builder_version=&#8221;3.25&#8243; custom_padding=&#8221;|||&#8221; custom_padding__hover=&#8221;|||&#8221;][et_pb_team_member name=&#8221;Mu\u0161ka&#8221; image_url=&#8221;http:\/\/labora.ee\/et\/wp-content\/uploads\/2008\/09\/8.jpg&#8221; admin_label=&#8221;Mu\u0161ka&#8221; _builder_version=&#8221;3.0.87&#8243; background_size=&#8221;initial&#8221; background_position=&#8221;top_left&#8221; background_repeat=&#8221;repeat&#8221; use_border_color=&#8221;off&#8221; border_color=&#8221;#ffffff&#8221; border_style=&#8221;solid&#8221;]<span style=\"font-weight: 400;\">Peab ennast kvaliteedikontrolli peaspetsialistiks. Tegelikult tegelevad kvaliteedikontrolliga muidugi kanad. <\/span><br \/>\n[\/et_pb_team_member][\/et_pb_column][\/et_pb_row][et_pb_row column_structure=&#8221;1_3,1_3,1_3&#8243; _builder_version=&#8221;3.25&#8243; background_size=&#8221;initial&#8221; background_position=&#8221;top_left&#8221; background_repeat=&#8221;repeat&#8221;][et_pb_column type=&#8221;1_3&#8243; _builder_version=&#8221;3.25&#8243; custom_padding=&#8221;|||&#8221; custom_padding__hover=&#8221;|||&#8221;][\/et_pb_column][et_pb_column type=&#8221;1_3&#8243; _builder_version=&#8221;3.25&#8243; custom_padding=&#8221;|||&#8221; custom_padding__hover=&#8221;|||&#8221;][et_pb_team_member name=&#8221;Chicken&#8221; image_url=&#8221;http:\/\/labora.ee\/et\/wp-content\/uploads\/2008\/09\/9.jpg&#8221; admin_label=&#8221;Chicken&#8221; _builder_version=&#8221;3.0.87&#8243; background_size=&#8221;initial&#8221; background_position=&#8221;top_left&#8221; background_repeat=&#8221;repeat&#8221; use_border_color=&#8221;off&#8221; border_color=&#8221;#ffffff&#8221; border_style=&#8221;solid&#8221;]<span style=\"font-weight: 400;\">Sibavad meie aias ringi ja munevad v\u00e4rskeid mune. Valgel kanal oli liiga kiire, et fotole tulla (vt kvaliteedikontroll).<\/span><br \/>\n[\/et_pb_team_member][\/et_pb_column][et_pb_column type=&#8221;1_3&#8243; _builder_version=&#8221;3.25&#8243; custom_padding=&#8221;|||&#8221; custom_padding__hover=&#8221;|||&#8221;][\/et_pb_column][\/et_pb_row][et_pb_row _builder_version=&#8221;3.25&#8243; background_size=&#8221;initial&#8221; background_position=&#8221;top_left&#8221; background_repeat=&#8221;repeat&#8221;][et_pb_column type=&#8221;4_4&#8243; _builder_version=&#8221;3.25&#8243; custom_padding=&#8221;|||&#8221; custom_padding__hover=&#8221;|||&#8221;][\/et_pb_column][\/et_pb_row][\/et_pb_section][et_pb_section fb_built=&#8221;1&#8243; _builder_version=&#8221;3.22&#8243;][et_pb_row _builder_version=&#8221;3.25&#8243; background_size=&#8221;initial&#8221; background_position=&#8221;top_left&#8221; background_repeat=&#8221;repeat&#8221;][et_pb_column type=&#8221;4_4&#8243; _builder_version=&#8221;3.25&#8243; custom_padding=&#8221;|||&#8221; custom_padding__hover=&#8221;|||&#8221;][et_pb_text _builder_version=&#8221;3.27.4&#8243; background_size=&#8221;initial&#8221; background_position=&#8221;top_left&#8221; background_repeat=&#8221;repeat&#8221; use_border_color=&#8221;off&#8221; border_color=&#8221;#ffffff&#8221; border_style=&#8221;solid&#8221;]<\/p>\n<h2><span style=\"font-weight: 400;\">Labora pood<\/span><\/h2>\n<p>[\/et_pb_text][\/et_pb_column][\/et_pb_row][et_pb_row padding_mobile=&#8221;off&#8221; column_padding_mobile=&#8221;on&#8221; _builder_version=&#8221;3.25&#8243; background_size=&#8221;initial&#8221; background_position=&#8221;top_left&#8221; background_repeat=&#8221;repeat&#8221;][et_pb_column type=&#8221;4_4&#8243; _builder_version=&#8221;3.25&#8243; custom_padding=&#8221;0px||0px|&#8221; custom_padding__hover=&#8221;|||&#8221;][et_pb_gallery gallery_ids=&#8221;1497,1498,1500,1501,1502,1499,1496,1618,1621&#8243; fullwidth=&#8221;on&#8221; admin_label=&#8221;Shop Gallery Slideshow&#8221; _builder_version=&#8221;3.0.87&#8243; auto=&#8221;on&#8221; use_border_color=&#8221;off&#8221; border_color=&#8221;#ffffff&#8221; border_style=&#8221;solid&#8221;][\/et_pb_gallery][\/et_pb_column][\/et_pb_row][et_pb_row column_structure=&#8221;1_2,1_2&#8243; _builder_version=&#8221;3.25&#8243; background_size=&#8221;initial&#8221; background_position=&#8221;top_left&#8221; background_repeat=&#8221;repeat&#8221;][et_pb_column type=&#8221;1_2&#8243; _builder_version=&#8221;3.25&#8243; custom_padding=&#8221;|||&#8221; custom_padding__hover=&#8221;|||&#8221;][et_pb_text _builder_version=&#8221;3.27.4&#8243; background_size=&#8221;initial&#8221; background_position=&#8221;top_left&#8221; background_repeat=&#8221;repeat&#8221; use_border_color=&#8221;off&#8221; border_color=&#8221;#ffffff&#8221; border_style=&#8221;solid&#8221;]<\/p>\n<p>Astuge Labora poodi ja laske k\u00e4sitsi valmistatud\u00a0esemetel end inspireerida: tulge meie juurde lugusid avastama, looma ning jagama!<\/p>\n<p>Valmistame ise paberit ja tr\u00fckime sellele k\u00f5rgtr\u00fcki tehnikas. V\u00f5tke k\u00e4tte m\u00f5ni Labora k\u00e4sitsi valmistatud postkaart ja peatuge hetkeks, et saata positiivne s\u00f5num armsale s\u00f5brale. Kaardi v\u00f5ite poodi j\u00e4tta \u2013 paneme selle hea meelega teie eest posti. Kui saadate s\u00f5numi m\u00f5nel Labora seemnekaartidest, saab teie s\u00f5ber selle hilejm p\u00f5llulilledeks kasvatada!<\/p>\n<p>Meenutage lapsep\u00f5lve meie mehaaniliste puidust m\u00e4nguasjade seltsis. V\u00f5tke m\u00f5ni neist koju kaasa, et lugusi edasi luua ja jagada. Avastage ka teisi k\u00e4sitsi valmistatud aardeid \u2013 pehmekaanelises k\u00f6ites m\u00e4rkmikke, puidust rahvapille ja m\u00e4nguloomi ning palju muud. Lisaks Labora t\u00f6\u00f6kodade tootangule m\u00fc\u00fcme ka t\u00f6id teistelt valitud meistritelt.<\/p>\n<p>Oleme avatud kokkuleppel, palume poe k\u00fclastamiseks ette helistada tel. +37258801098 .<\/p>\n<p>Meil on kaks ust: Vene t\u00e4navalt ja Peeter-Pauli Katedraali sisehoovist.<\/p>\n<p>V\u00f5tke meiega \u00fchendust: info@labora.ee v\u00f5i +372 54 665 099<\/p>\n<p>&nbsp;<\/p>\n<p>[\/et_pb_text][\/et_pb_column][et_pb_column type=&#8221;1_2&#8243; _builder_version=&#8221;3.25&#8243; custom_padding=&#8221;|||&#8221; custom_padding__hover=&#8221;|||&#8221;][et_pb_map address=&#8221;Vene 18, 10140 Tallinn, Estonia&#8221; address_lat=&#8221;59.43827336707518&#8243; address_lng=&#8221;24.748231597125933&#8243; admin_label=&#8221;shop map&#8221; _builder_version=&#8221;3.0.91&#8243;][et_pb_map_pin title=&#8221;Labora pood&#8221; pin_address=&#8221;Vene 18, 10140 Tallinn, Eesti&#8221; pin_address_lat=&#8221;59.43822975166763&#8243; pin_address_lng=&#8221;24.748178288221766&#8243; _builder_version=&#8221;3.0.47&#8243;] [\/et_pb_map_pin][\/et_pb_map][\/et_pb_column][\/et_pb_row][\/et_pb_section]<\/p>\n","protected":false},"excerpt":{"rendered":"<p>Labora \u00fchendab Tallinna Paberi ja Tallinna Kalligaafia Kooli meistrite kogemusi ja oskusi. Pakume erakordset kombinatsiooni k\u00f5rgtr\u00fckist, k\u00e4sitsi valmistatud paberist ja kalligraafiast. Traditsioonilisi tehnikaid kaasaegse disainiga \u00fchendades loome unikaalseid ja inspireerivaid tooteid. Oleme uhked iga enda valmistatud eseme \u00fcle. Enne teieni j\u00f5udmist k\u00e4ib iga toode\u00a0 l\u00e4bi mitmete k\u00e4te ning j\u00f5uab teieni koos oma isikliku looga. Labora [&hellip;]<\/p>\n","protected":false},"author":2,"featured_media":0,"parent":0,"menu_order":0,"comment_status":"open","ping_status":"open","template":"","meta":{"_et_pb_use_builder":"on","_et_pb_old_content":"","_et_gb_content_width":"","footnotes":""},"class_list":["post-54","page","type-page","status-publish","hentry"],"_links":{"self":[{"href":"https:\/\/labora.ee\/et\/wp-json\/wp\/v2\/pages\/54","targetHints":{"allow":["GET"]}}],"collection":[{"href":"https:\/\/labora.ee\/et\/wp-json\/wp\/v2\/pages"}],"about":[{"href":"https:\/\/labora.ee\/et\/wp-json\/wp\/v2\/types\/page"}],"author":[{"embeddable":true,"href":"https:\/\/labora.ee\/et\/wp-json\/wp\/v2\/users\/2"}],"replies":[{"embeddable":true,"href":"https:\/\/labora.ee\/et\/wp-json\/wp\/v2\/comments?post=54"}],"version-history":[{"count":5,"href":"https:\/\/labora.ee\/et\/wp-json\/wp\/v2\/pages\/54\/revisions"}],"predecessor-version":[{"id":4301,"href":"https:\/\/labora.ee\/et\/wp-json\/wp\/v2\/pages\/54\/revisions\/4301"}],"wp:attachment":[{"href":"https:\/\/labora.ee\/et\/wp-json\/wp\/v2\/media?parent=54"}],"curies":[{"name":"wp","href":"https:\/\/api.w.org\/{rel}","templated":true}]}}