{"id":336,"date":"2016-06-29T08:38:22","date_gmt":"2016-06-29T08:38:22","guid":{"rendered":"http:\/\/labora.ee\/et\/?page_id=336"},"modified":"2018-11-15T15:07:47","modified_gmt":"2018-11-15T13:07:47","slug":"seemnepaberi-impordipiirangud","status":"publish","type":"page","link":"https:\/\/labora.ee\/et\/seemnepaberi-impordipiirangud\/","title":{"rendered":"Seemnepaberi impordipiirangud"},"content":{"rendered":"<p><span style=\"font-weight: 400;\">Vastavalt <\/span><a href=\"https:\/\/www.omniva.ee\/abi\/riigid\"><span style=\"font-weight: 400;\">Omniva<\/span><\/a> <span style=\"font-weight: 400;\">ja USA postiteenistuse<\/span><span style=\"font-weight: 400;\"> (<\/span><a href=\"http:\/\/pe.usps.com\/text\/imm\/ab_toc.htm\"><span style=\"font-weight: 400;\">United States Postal Service<\/span><\/a><span style=\"font-weight: 400;\">) kodulehek\u00fclgedelt saadud infole on meie teada <strong>seemnete saatmine keelatud<\/strong> j\u00e4rgmistesse riikidesse: <strong>Austraalia, Valgevene, Brasiilia, Guatemala, Iisrael, Kasahstan, Norra, Venemaa, Taiwan, T\u00fcrkmenistan, Usbekistan, USA ja Venetsueela<\/strong>. \u00a0<\/span><\/p>\n<p><span style=\"font-weight: 400;\">F\u00fctosanitaarsertifikaati on vaja seemnete saatmisel Argentiinasse, Hong Kongi, Prantsusmaale ja L\u00e4tti. Vajadusel saame teile Maaeluministeeriumilt tellida f\u00fctosanitaarsertifikaadi. Palun arvestage, et sertifikaadi valmimine v\u00f5ib v\u00f5tta kuni \u00fche n\u00e4dala ja see lisab tellimuse maksumusele 20 \u20ac (riigil\u00f5iv sertifikaadi v\u00e4ljastamise eest; sertifikaat v\u00e4ljastatakse \u00fche tellimuse v\u00f5i saadetise kohta olenemata selle suurusest).<\/span><\/p>\n<p><span style=\"font-weight: 400;\">Lisaks v\u00f5ivad kehtida <strong>piirangud<\/strong> seemnete saatmisel <strong>Aserbaid\u017eaani, Egiptusesse, Iirimaale, K\u00f5rg\u00f5zstani ja Luksemburgi<\/strong> (palun t\u00e4psustage kohalike ametkondadega).<\/span><\/p>\n<p><span style=\"font-weight: 400;\">Kui kahtlete, kas riiki, kuhu soovite seemnepaberit saata, on lubatud seemneid importida, v\u00f5tke palun \u00fchendust kohaliku postiteenistusega. <\/span><\/p>\n<p><span style=\"font-weight: 400;\">Kui olete nendest piirangutest teadlik, aga otsustate sellegipoolest saata seemnepaberit v\u00f5i seemnepomme riikidesse, kuhu seemnete import on keelatud, ei v\u00f5ta Tallinna Paber tagaj\u00e4rgede eest mingit vastutust. <strong>Tallinna Paber ei tagasta raha tolli poolt konfiskeeritud saadetiste eest ega v\u00f5ta tasu v\u00f5imalikke tolli poolt kehtestatud trahve. <\/strong><\/span><\/p>\n","protected":false},"excerpt":{"rendered":"<p>Vastavalt Omniva ja USA postiteenistuse (United States Postal Service) kodulehek\u00fclgedelt saadud infole on meie teada seemnete saatmine keelatud j\u00e4rgmistesse riikidesse: Austraalia, Valgevene, Brasiilia, Guatemala, Iisrael, Kasahstan, Norra, Venemaa, Taiwan, T\u00fcrkmenistan, Usbekistan, USA ja Venetsueela. \u00a0 F\u00fctosanitaarsertifikaati on vaja seemnete saatmisel Argentiinasse, Hong Kongi, Prantsusmaale ja L\u00e4tti. Vajadusel saame teile Maaeluministeeriumilt tellida f\u00fctosanitaarsertifikaadi. Palun arvestage, et [&hellip;]<\/p>\n","protected":false},"author":2,"featured_media":0,"parent":0,"menu_order":0,"comment_status":"open","ping_status":"open","template":"","meta":{"_et_pb_use_builder":"","_et_pb_old_content":"","_et_gb_content_width":"","footnotes":""},"class_list":["post-336","page","type-page","status-publish","hentry"],"_links":{"self":[{"href":"https:\/\/labora.ee\/et\/wp-json\/wp\/v2\/pages\/336","targetHints":{"allow":["GET"]}}],"collection":[{"href":"https:\/\/labora.ee\/et\/wp-json\/wp\/v2\/pages"}],"about":[{"href":"https:\/\/labora.ee\/et\/wp-json\/wp\/v2\/types\/page"}],"author":[{"embeddable":true,"href":"https:\/\/labora.ee\/et\/wp-json\/wp\/v2\/users\/2"}],"replies":[{"embeddable":true,"href":"https:\/\/labora.ee\/et\/wp-json\/wp\/v2\/comments?post=336"}],"version-history":[{"count":5,"href":"https:\/\/labora.ee\/et\/wp-json\/wp\/v2\/pages\/336\/revisions"}],"predecessor-version":[{"id":2459,"href":"https:\/\/labora.ee\/et\/wp-json\/wp\/v2\/pages\/336\/revisions\/2459"}],"wp:attachment":[{"href":"https:\/\/labora.ee\/et\/wp-json\/wp\/v2\/media?parent=336"}],"curies":[{"name":"wp","href":"https:\/\/api.w.org\/{rel}","templated":true}]}}