{"id":252,"date":"2016-06-02T09:50:28","date_gmt":"2016-06-02T09:50:28","guid":{"rendered":"http:\/\/labora.ee\/et\/?page_id=252"},"modified":"2017-04-28T17:05:43","modified_gmt":"2017-04-28T14:05:43","slug":"tallinna-paber","status":"publish","type":"page","link":"https:\/\/labora.ee\/et\/tallinna-paber\/","title":{"rendered":"Tallinna Paber"},"content":{"rendered":"<p>[et_pb_section bb_built=&#8221;1&#8243; admin_label=&#8221;Section&#8221; fullwidth=&#8221;on&#8221; specialty=&#8221;off&#8221; transparent_background=&#8221;off&#8221; background_color=&#8221;#ffffff&#8221; allow_player_pause=&#8221;off&#8221; inner_shadow=&#8221;off&#8221; parallax=&#8221;off&#8221; parallax_method=&#8221;off&#8221; padding_mobile=&#8221;off&#8221; make_fullwidth=&#8221;off&#8221; use_custom_width=&#8221;off&#8221; width_unit=&#8221;on&#8221; make_equal=&#8221;off&#8221; use_custom_gutter=&#8221;off&#8221;][et_pb_fullwidth_header admin_label=&#8221;Fullwidth Header&#8221; title=&#8221;Tallinna paber&#8221; background_layout=&#8221;light&#8221; text_orientation=&#8221;left&#8221; header_fullscreen=&#8221;off&#8221; header_scroll_down=&#8221;off&#8221; background_url=&#8221;http:\/\/labora.ee\/et\/wp-content\/uploads\/2016\/06\/tallinnapaberbanner1.jpg&#8221; parallax=&#8221;off&#8221; parallax_method=&#8221;off&#8221; content_orientation=&#8221;center&#8221; image_orientation=&#8221;center&#8221; custom_button_one=&#8221;off&#8221; button_one_use_icon=&#8221;default&#8221; button_one_icon_placement=&#8221;right&#8221; button_one_on_hover=&#8221;on&#8221; button_one_letter_spacing_hover=&#8221;0&#8243; custom_button_two=&#8221;off&#8221; button_two_use_icon=&#8221;default&#8221; button_two_icon_placement=&#8221;right&#8221; button_two_on_hover=&#8221;on&#8221; button_two_letter_spacing_hover=&#8221;0&#8243; title_font_size=&#8221;36px&#8221;]<\/p>\n<p>&nbsp;<\/p>\n<p>[\/et_pb_fullwidth_header][\/et_pb_section][et_pb_section bb_built=&#8221;1&#8243; admin_label=&#8221;Section&#8221; fullwidth=&#8221;on&#8221; specialty=&#8221;off&#8221; transparent_background=&#8221;off&#8221; background_color=&#8221;#e0e0e0&#8243; allow_player_pause=&#8221;off&#8221; inner_shadow=&#8221;off&#8221; parallax=&#8221;off&#8221; parallax_method=&#8221;off&#8221; padding_mobile=&#8221;off&#8221; make_fullwidth=&#8221;off&#8221; use_custom_width=&#8221;off&#8221; width_unit=&#8221;on&#8221; make_equal=&#8221;off&#8221; use_custom_gutter=&#8221;off&#8221;][et_pb_fullwidth_menu admin_label=&#8221;submenu&#8221; menu_id=&#8221;60&#8243; background_color=&#8221;#f4f4f4&#8243; background_layout=&#8221;light&#8221; text_orientation=&#8221;left&#8221; submenu_direction=&#8221;downwards&#8221; fullwidth_menu=&#8221;off&#8221; dropdown_menu_animation=&#8221;fade&#8221; active_link_color=&#8221;#007d67&#8243; menu_font_size=&#8221;18px&#8221; menu_font=&#8221;Arvo||||&#8221; \/][\/et_pb_section][et_pb_section bb_built=&#8221;1&#8243; admin_label=&#8221;section&#8221; transparent_background=&#8221;off&#8221; background_color=&#8221;#ffffff&#8221; allow_player_pause=&#8221;off&#8221; inner_shadow=&#8221;off&#8221; parallax=&#8221;off&#8221; parallax_method=&#8221;off&#8221; custom_padding=&#8221;|100px||100px&#8221; custom_padding_last_edited=&#8221;on|desktop&#8221; padding_mobile=&#8221;off&#8221; make_fullwidth=&#8221;off&#8221; use_custom_width=&#8221;off&#8221; width_unit=&#8221;on&#8221; make_equal=&#8221;off&#8221; use_custom_gutter=&#8221;off&#8221; module_class=&#8221;no-top-padding&#8221;][et_pb_row admin_label=&#8221;row&#8221; make_fullwidth=&#8221;off&#8221; use_custom_width=&#8221;off&#8221; width_unit=&#8221;on&#8221; use_custom_gutter=&#8221;off&#8221; padding_mobile=&#8221;off&#8221; allow_player_pause=&#8221;off&#8221; parallax=&#8221;off&#8221; parallax_method=&#8221;off&#8221; make_equal=&#8221;off&#8221; parallax_1=&#8221;off&#8221; parallax_method_1=&#8221;off&#8221; padding_top_1=&#8221;0px&#8221; column_padding_mobile=&#8221;on&#8221;][et_pb_column type=&#8221;4_4&#8243;][et_pb_text admin_label=&#8221;Story&#8221; background_layout=&#8221;light&#8221; text_orientation=&#8221;left&#8221; use_border_color=&#8221;off&#8221; border_color=&#8221;#ffffff&#8221; border_style=&#8221;solid&#8221; module_class=&#8221;kitsas-sisu&#8221;]<\/p>\n<h1 dir=\"ltr\">Lugu<\/h1>\n<p>Tallinna Paber &#8211; mis tegusteb n\u00fc\u00fcd Labora nime all &#8211; asutati 2011. aastal eesm\u00e4rgiga hoida ja arendada traditisoonilisi k\u00f5rgtr\u00fcki- ja k\u00e4sitsi paberi valmistamise tehnikaid. Meie tehtud tr\u00fckistel on teie k\u00e4tte j\u00f5udes juba oma lugu r\u00e4\u00e4kida.<\/p>\n<p>See lugu algab paberikojast, kus v\u00e4ike hollander keerutab veest ning naturaalsest toorainest paberimassi. Traditsioonilisi paberiraame kasutades valmistame leht lehe haaval erinevates formaatides, v\u00e4rvides ja tihkustes paberit. Seej\u00e4rel paber pressitakse ning riputatakse m\u00f5neks p\u00e4evaks kuivatuskappi kuivama.\u00a0Paberi valmistamise protsessi k\u00e4igus t\u00f6\u00f6tleme \u00fcmber vanapaberit, andes nii oma v\u00e4ikese panuse looduse s\u00e4\u00e4stmiseks. Meie meistrikojas saab paberij\u00e4\u00e4kidest unikaalne paksu l\u00f5ikamata servaga k\u00e4sit\u00f6\u00f6paber. Eriprojektide jaoks valmistame sajandeid vastu pidavat k\u00f5rgkvaliteetset paberit puuvillast, kanepist, linast, abakast ning muudest looduslikest kiududest.<\/p>\n<p>Peale paberi kuivamist tr\u00fckitakse sellele kujundus ajaloolistel k\u00f5rgtr\u00fckipressidel. Labora meistrikojas kasutatakse j\u00e4rgmisi presse: tiigelpress Heidelberg (Tuuleveski, 1967), silinderpress Korrex Nurnberg (1972), tiigelpress Hohner Rapid 2 (1969), k\u00f6itepress Krause, k\u00e4sipress Tabletop Platen ja giljotiin Krause. Meile meeldib traditsioonilisi k\u00f5rgtr\u00fckitehnikaid kaasaegsete lahendustega kombineerida \u2013 valmistame oma tr\u00fckikli\u0161eed fotopol\u00fcmerist. T\u00e4nu sellele v\u00f5ime tr\u00fckkida v\u00e4ga erinevaid kujundusi. Meil on oma tooteseeria post-, \u00f5nnitlus- ja seemnekaartidest ning suurtest tr\u00fckistest. Tr\u00fckime hea meelega ka teie enda tehtud kujunduse, aitame teil kujundust k\u00f5rgtr\u00fcki jaoks kohandada v\u00f5i algusest l\u00f5puni v\u00e4lja t\u00f6\u00f6tada.<\/p>\n<p>K\u00f5rgtr\u00fckk k\u00e4sitsi valmistatud paberil muudab tr\u00fckise t\u00f5eliselt meeldej\u00e4\u00e4vaks. Selline tr\u00fckis on sobiv pulmakutseks, t\u00e4nukirjaks, raamatuks, kalligraafiakunsti eksponeerimiseks v\u00f5i m\u00f5neks muuks ainulaadseks esemeks. Vaadake meie portfooliot, koguge inspiratsiooni ja lisage meie tr\u00fckisele oma eriline lugu.<\/p>\n<p>[\/et_pb_text][et_pb_gallery admin_label=&#8221;Gallery&#8221; gallery_ids=&#8221;425,426,427,428,429,430,431,424&#8243; fullwidth=&#8221;off&#8221; show_title_and_caption=&#8221;off&#8221; show_pagination=&#8221;on&#8221; background_layout=&#8221;light&#8221; auto=&#8221;off&#8221; hover_overlay_color=&#8221;rgba(255,255,255,0.9)&#8221; caption_all_caps=&#8221;off&#8221; use_border_color=&#8221;off&#8221; border_color=&#8221;#ffffff&#8221; border_style=&#8221;solid&#8221; posts_number=&#8221;8&#8243;]<br \/>\n[\/et_pb_gallery][\/et_pb_column][\/et_pb_row][\/et_pb_section]<\/p>\n","protected":false},"excerpt":{"rendered":"<p>&nbsp; Lugu Tallinna Paber &#8211; mis tegusteb n\u00fc\u00fcd Labora nime all &#8211; asutati 2011. aastal eesm\u00e4rgiga hoida ja arendada traditisoonilisi k\u00f5rgtr\u00fcki- ja k\u00e4sitsi paberi valmistamise tehnikaid. Meie tehtud tr\u00fckistel on teie k\u00e4tte j\u00f5udes juba oma lugu r\u00e4\u00e4kida. See lugu algab paberikojast, kus v\u00e4ike hollander keerutab veest ning naturaalsest toorainest paberimassi. Traditsioonilisi paberiraame kasutades valmistame leht [&hellip;]<\/p>\n","protected":false},"author":2,"featured_media":0,"parent":0,"menu_order":0,"comment_status":"open","ping_status":"open","template":"","meta":{"_et_pb_use_builder":"on","_et_pb_old_content":"","_et_gb_content_width":"","footnotes":""},"class_list":["post-252","page","type-page","status-publish","hentry"],"_links":{"self":[{"href":"https:\/\/labora.ee\/et\/wp-json\/wp\/v2\/pages\/252","targetHints":{"allow":["GET"]}}],"collection":[{"href":"https:\/\/labora.ee\/et\/wp-json\/wp\/v2\/pages"}],"about":[{"href":"https:\/\/labora.ee\/et\/wp-json\/wp\/v2\/types\/page"}],"author":[{"embeddable":true,"href":"https:\/\/labora.ee\/et\/wp-json\/wp\/v2\/users\/2"}],"replies":[{"embeddable":true,"href":"https:\/\/labora.ee\/et\/wp-json\/wp\/v2\/comments?post=252"}],"version-history":[{"count":5,"href":"https:\/\/labora.ee\/et\/wp-json\/wp\/v2\/pages\/252\/revisions"}],"predecessor-version":[{"id":1564,"href":"https:\/\/labora.ee\/et\/wp-json\/wp\/v2\/pages\/252\/revisions\/1564"}],"wp:attachment":[{"href":"https:\/\/labora.ee\/et\/wp-json\/wp\/v2\/media?parent=252"}],"curies":[{"name":"wp","href":"https:\/\/api.w.org\/{rel}","templated":true}]}}