{"id":24,"date":"2008-09-11T19:22:18","date_gmt":"2008-09-12T00:22:18","guid":{"rendered":"http:\/\/dev.danphilibin.com\/wordpress\/?page_id=41"},"modified":"2018-11-14T15:38:03","modified_gmt":"2018-11-14T13:38:03","slug":"kontakt","status":"publish","type":"page","link":"https:\/\/labora.ee\/et\/kontakt\/","title":{"rendered":"Kontakt"},"content":{"rendered":"<p>[et_pb_section bb_built=&#8221;1&#8243; fullwidth=&#8221;on&#8221; specialty=&#8221;off&#8221; next_background_color=&#8221;#000000&#8243;][et_pb_fullwidth_map address=&#8221;Laboratooriumi 22, 10133 Tallinn, Estonia&#8221; address_lat=&#8221;59.43872836908633&#8243; address_lng=&#8221;24.74685214187243&#8243; mouse_wheel=&#8221;off&#8221; zoom_level=&#8221;15&#8243; mobile_dragging=&#8221;on&#8221; child_filter_saturate=&#8221;100%&#8221;][et_pb_map_pin title=&#8221;Tallinna Paber ja Kalligraafia kool&#8221; pin_address=&#8221;Laboratooriumi 22, 10133 Tallinn, Estonia&#8221; pin_address_lat=&#8221;59.44128819999999&#8243; pin_address_lng=&#8221;24.745878500000003&#8243;] [\/et_pb_map_pin][et_pb_map_pin title=&#8221;Labora pood&#8221; pin_address=&#8221;Vene 18, 10140 Tallinn, Estonia&#8221; pin_address_lat=&#8221;59.43823247929697&#8243; pin_address_lng=&#8221;24.748210474729945&#8243;] [\/et_pb_map_pin][\/et_pb_fullwidth_map][\/et_pb_section][et_pb_section bb_built=&#8221;1&#8243; fullwidth=&#8221;off&#8221; specialty=&#8221;off&#8221; prev_background_color=&#8221;#000000&#8243;][et_pb_row background_position=&#8221;top_left&#8221; background_repeat=&#8221;repeat&#8221; background_size=&#8221;initial&#8221;][et_pb_column type=&#8221;1_3&#8243;][et_pb_text background_layout=&#8221;light&#8221; text_orientation=&#8221;left&#8221; use_border_color=&#8221;off&#8221; border_color=&#8221;#ffffff&#8221; border_style=&#8221;solid&#8221; background_position=&#8221;top_left&#8221; background_repeat=&#8221;repeat&#8221; background_size=&#8221;initial&#8221;]<\/p>\n<h3>Labora<\/h3>\n<div>Laboratooriumi 22<\/div>\n<div>10133 Tallinn<\/div>\n<div><a href=\"mailto:tallinnapaber@labora.ee\" target=\"_blank\" rel=\"noopener noreferrer\">info@labora.ee<\/a><\/div>\n<div>+372 56 67 56 72<\/div>\n<div><\/div>\n<p>[\/et_pb_text][et_pb_social_media_follow link_shape=&#8221;rounded_rectangle&#8221; background_layout=&#8221;light&#8221; url_new_window=&#8221;on&#8221; follow_button=&#8221;off&#8221; border_radii=&#8221;on|3px|3px|3px|3px&#8221;][et_pb_social_media_follow_network social_network=&#8221;facebook&#8221; url=&#8221;https:\/\/www.facebook.com\/laboraworkshops&#8221; skype_action=&#8221;call&#8221; bg_color=&#8221;#007d67&#8243;] Facebook [\/et_pb_social_media_follow_network][et_pb_social_media_follow_network social_network=&#8221;instagram&#8221; url=&#8221;https:\/\/www.instagram.com\/laboraworkshops&#8221; skype_action=&#8221;call&#8221; bg_color=&#8221;#007d67&#8243;] Instagram [\/et_pb_social_media_follow_network][et_pb_social_media_follow_network social_network=&#8221;youtube&#8221; url=&#8221;https:\/\/www.youtube.com\/channel\/UC-jb_AsYknSPhUGn8uITrSQ&#8221; skype_action=&#8221;call&#8221; bg_color=&#8221;#007d67&#8243;] Youtube [\/et_pb_social_media_follow_network][\/et_pb_social_media_follow][et_pb_text background_layout=&#8221;light&#8221; text_orientation=&#8221;left&#8221; use_border_color=&#8221;off&#8221; border_color=&#8221;#ffffff&#8221; border_style=&#8221;solid&#8221; background_position=&#8221;top_left&#8221; background_repeat=&#8221;repeat&#8221; background_size=&#8221;initial&#8221;]<\/p>\n<div><strong>Ametlik aadress:<\/strong><\/div>\n<div>Tallinna Paberikoda O\u00dc<\/div>\n<div>Roo 40-9<\/div>\n<div>10320 Tallinn<\/div>\n<div><strong>KM nr.:<\/strong>\u00a0EE101676760<\/div>\n<div><strong>Reg. nr.:<\/strong> 12118379<\/div>\n<div><strong>konto nr.:\u00a0<\/strong>EE871010220196819221 (SEB pank)<\/div>\n<div><\/div>\n<p>[\/et_pb_text][\/et_pb_column][et_pb_column type=&#8221;1_3&#8243;][et_pb_text background_layout=&#8221;light&#8221; text_orientation=&#8221;left&#8221; use_border_color=&#8221;off&#8221; border_color=&#8221;#ffffff&#8221; border_style=&#8221;solid&#8221; background_position=&#8221;top_left&#8221; background_repeat=&#8221;repeat&#8221; background_size=&#8221;initial&#8221;]<\/p>\n<h3>Tallinna Kalligraafia Kool<\/h3>\n<div>Laboratooriumi 22<\/div>\n<div>10133 Tallinn<\/div>\n<div><a href=\"mailto:kirjakool@gmail.com\" target=\"_blank\" rel=\"noopener noreferrer\">kirjakool@gmail.com<\/a><\/div>\n<div>+372 58 16 84 44<\/div>\n<p>[\/et_pb_text][et_pb_social_media_follow link_shape=&#8221;rounded_rectangle&#8221; background_layout=&#8221;light&#8221; url_new_window=&#8221;on&#8221; follow_button=&#8221;off&#8221; border_radii=&#8221;on|3px|3px|3px|3px&#8221;][et_pb_social_media_follow_network social_network=&#8221;facebook&#8221; url=&#8221;https:\/\/www.facebook.com\/TallinnaKalligraafiaKool&#8221; skype_action=&#8221;call&#8221; bg_color=&#8221;#007d67&#8243;] Facebook [\/et_pb_social_media_follow_network][\/et_pb_social_media_follow][\/et_pb_column][et_pb_column type=&#8221;1_3&#8243;][et_pb_text use_border_color=&#8221;off&#8221; background_position=&#8221;top_left&#8221; background_repeat=&#8221;repeat&#8221; background_size=&#8221;initial&#8221; _builder_version=&#8221;3.16.1&#8243;]<\/p>\n<h3>Labora pood<\/h3>\n<div>Vene 18<\/div>\n<div>10123 Tallinn<\/div>\n<div><a href=\"mailto:visit@labora.ee\" target=\"_blank\" rel=\"noopener noreferrer\">visit@labora.ee<\/a><\/div>\n<div>+372 588 010 98<\/div>\n<p>[\/et_pb_text][et_pb_social_media_follow link_shape=&#8221;rounded_rectangle&#8221; background_layout=&#8221;light&#8221; url_new_window=&#8221;on&#8221; follow_button=&#8221;off&#8221; border_radii=&#8221;on|3px|3px|3px|3px&#8221;][et_pb_social_media_follow_network social_network=&#8221;facebook&#8221; url=&#8221;https:\/\/www.facebook.com\/laboraworkshops&#8221; skype_action=&#8221;call&#8221; bg_color=&#8221;#007d67&#8243;] Facebook [\/et_pb_social_media_follow_network][et_pb_social_media_follow_network social_network=&#8221;instagram&#8221; url=&#8221;https:\/\/www.instagram.com\/laboraworkshops&#8221; skype_action=&#8221;call&#8221; bg_color=&#8221;#007d67&#8243;] Instagram [\/et_pb_social_media_follow_network][\/et_pb_social_media_follow][\/et_pb_column][\/et_pb_row][et_pb_row background_position=&#8221;top_left&#8221; background_repeat=&#8221;repeat&#8221; background_size=&#8221;initial&#8221;][et_pb_column type=&#8221;1_2&#8243;][et_pb_image src=&#8221;http:\/\/labora.ee\/et\/wp-content\/uploads\/2008\/09\/contactus_ukk.jpg&#8221; show_in_lightbox=&#8221;on&#8221; url_new_window=&#8221;off&#8221; use_overlay=&#8221;off&#8221; animation=&#8221;off&#8221; sticky=&#8221;off&#8221; align=&#8221;left&#8221; force_fullwidth=&#8221;off&#8221; always_center_on_mobile=&#8221;on&#8221; use_border_color=&#8221;off&#8221; border_color=&#8221;#ffffff&#8221; border_style=&#8221;solid&#8221; alt=&#8221;Labora workshops at Laboratooriumi 22&#8243; title_text=&#8221;Entrance to Labora workshops on Laboratooriumi 22, Tallinn&#8221; animation_style=&#8221;none&#8221; animation_duration=&#8221;1000ms&#8221; animation_intensity_slide=&#8221;50%&#8221; show_bottom_space=&#8221;on&#8221; \/][et_pb_text background_layout=&#8221;light&#8221; text_orientation=&#8221;left&#8221; use_border_color=&#8221;off&#8221; border_color=&#8221;#ffffff&#8221; border_style=&#8221;solid&#8221; background_position=&#8221;top_left&#8221; background_repeat=&#8221;repeat&#8221; background_size=&#8221;initial&#8221;]<\/p>\n<p style=\"text-align: left;\">Sissep\u00e4\u00e4s Labora t\u00f6\u00f6kodadesse, Laboratooriumi 22, Tallinn<\/p>\n<p>[\/et_pb_text][\/et_pb_column][et_pb_column type=&#8221;1_2&#8243;][et_pb_image src=&#8221;https:\/\/labora.ee\/et\/wp-content\/uploads\/2008\/09\/DSC03979small.jpg&#8221; show_in_lightbox=&#8221;on&#8221; url_new_window=&#8221;off&#8221; use_overlay=&#8221;off&#8221; animation=&#8221;off&#8221; sticky=&#8221;off&#8221; align=&#8221;left&#8221; force_fullwidth=&#8221;off&#8221; always_center_on_mobile=&#8221;on&#8221; use_border_color=&#8221;off&#8221; border_color=&#8221;#ffffff&#8221; border_style=&#8221;solid&#8221; alt=&#8221;Entrance to Labora Shop&#8221; title_text=&#8221;Entrance to Labora Shop on Vene 18, Tallinn&#8221; animation_style=&#8221;none&#8221; animation_duration=&#8221;1000ms&#8221; animation_intensity_slide=&#8221;50%&#8221; show_bottom_space=&#8221;on&#8221; \/][et_pb_text background_layout=&#8221;light&#8221; text_orientation=&#8221;left&#8221; use_border_color=&#8221;off&#8221; border_color=&#8221;#ffffff&#8221; border_style=&#8221;solid&#8221; background_position=&#8221;top_left&#8221; background_repeat=&#8221;repeat&#8221; background_size=&#8221;initial&#8221;]<\/p>\n<p style=\"text-align: left;\">Sissep\u00e4\u00e4s Labora poodi, Vene 18, Tallinn<\/p>\n<p>[\/et_pb_text][\/et_pb_column][\/et_pb_row][\/et_pb_section]<\/p>\n","protected":false},"excerpt":{"rendered":"<p>Labora Laboratooriumi 22 10133 Tallinn info@labora.ee +372 56 67 56 72 Ametlik aadress: Tallinna Paberikoda O\u00dc Roo 40-9 10320 Tallinn KM nr.:\u00a0EE101676760 Reg. nr.: 12118379 konto nr.:\u00a0EE871010220196819221 (SEB pank) Tallinna Kalligraafia Kool Laboratooriumi 22 10133 Tallinn kirjakool@gmail.com +372 58 16 84 44 Labora pood Vene 18 10123 Tallinn visit@labora.ee +372 588 010 98 Sissep\u00e4\u00e4s Labora [&hellip;]<\/p>\n","protected":false},"author":2,"featured_media":0,"parent":0,"menu_order":0,"comment_status":"open","ping_status":"open","template":"","meta":{"_et_pb_use_builder":"on","_et_pb_old_content":"","_et_gb_content_width":"","footnotes":""},"class_list":["post-24","page","type-page","status-publish","hentry"],"_links":{"self":[{"href":"https:\/\/labora.ee\/et\/wp-json\/wp\/v2\/pages\/24","targetHints":{"allow":["GET"]}}],"collection":[{"href":"https:\/\/labora.ee\/et\/wp-json\/wp\/v2\/pages"}],"about":[{"href":"https:\/\/labora.ee\/et\/wp-json\/wp\/v2\/types\/page"}],"author":[{"embeddable":true,"href":"https:\/\/labora.ee\/et\/wp-json\/wp\/v2\/users\/2"}],"replies":[{"embeddable":true,"href":"https:\/\/labora.ee\/et\/wp-json\/wp\/v2\/comments?post=24"}],"version-history":[{"count":5,"href":"https:\/\/labora.ee\/et\/wp-json\/wp\/v2\/pages\/24\/revisions"}],"predecessor-version":[{"id":2450,"href":"https:\/\/labora.ee\/et\/wp-json\/wp\/v2\/pages\/24\/revisions\/2450"}],"wp:attachment":[{"href":"https:\/\/labora.ee\/et\/wp-json\/wp\/v2\/media?parent=24"}],"curies":[{"name":"wp","href":"https:\/\/api.w.org\/{rel}","templated":true}]}}