{"id":123,"date":"2016-05-25T10:52:26","date_gmt":"2016-05-25T10:52:26","guid":{"rendered":"http:\/\/labora.ee\/et\/?page_id=123"},"modified":"2018-04-17T17:53:22","modified_gmt":"2018-04-17T14:53:22","slug":"seemne-paber","status":"publish","type":"page","link":"https:\/\/labora.ee\/et\/seemne-paber\/","title":{"rendered":"Seemnepaber"},"content":{"rendered":"<p>[et_pb_section bb_built=&#8221;1&#8243; admin_label=&#8221;Section&#8221; fullwidth=&#8221;on&#8221; specialty=&#8221;off&#8221;][et_pb_fullwidth_header admin_label=&#8221;Fullwidth Header&#8221; title=&#8221;Seed Paper&#8221; background_layout=&#8221;light&#8221; text_orientation=&#8221;left&#8221; header_fullscreen=&#8221;off&#8221; header_scroll_down=&#8221;off&#8221; background_url=&#8221;http:\/\/labora.ee\/et\/wp-content\/uploads\/2016\/05\/banner.jpg&#8221; parallax=&#8221;off&#8221; parallax_method=&#8221;off&#8221; content_orientation=&#8221;center&#8221; image_orientation=&#8221;center&#8221; custom_button_one=&#8221;off&#8221; button_one_letter_spacing=&#8221;0&#8243; button_one_use_icon=&#8221;default&#8221; button_one_icon_placement=&#8221;right&#8221; button_one_on_hover=&#8221;on&#8221; button_one_letter_spacing_hover=&#8221;0&#8243; custom_button_two=&#8221;off&#8221; button_two_letter_spacing=&#8221;0&#8243; button_two_use_icon=&#8221;default&#8221; button_two_icon_placement=&#8221;right&#8221; button_two_on_hover=&#8221;on&#8221; button_two_letter_spacing_hover=&#8221;0&#8243; title_font_size=&#8221;35px&#8221;]<\/p>\n<p>&nbsp;<\/p>\n<p>[\/et_pb_fullwidth_header][\/et_pb_section][et_pb_section bb_built=&#8221;1&#8243; admin_label=&#8221;section&#8221;][et_pb_row admin_label=&#8221;row&#8221;][et_pb_column type=&#8221;4_4&#8243;][et_pb_text admin_label=&#8221;Seed paper main text&#8221; background_layout=&#8221;light&#8221; text_orientation=&#8221;left&#8221; use_border_color=&#8221;off&#8221; border_color=&#8221;#ffffff&#8221; border_style=&#8221;solid&#8221;]<\/p>\n<h3>Paber mis kasvab? Jah, kui selle maha istutate!<\/h3>\n<p>Meie seemnepaber on valminud k\u00e4sit\u00f6\u00f6na Tallinna vanalinnas asuvas meistrikojas. Seemnepaberi valmistamisel kasutame \u00fcmbert\u00f6\u00f6deldud paberimassi, lisame sellele seemneid ja vormime segust leht-lehe haaval seemnepaberi. Kui kujundus on seemnepaberile tr\u00fckitud, on teie kord: valige oma lemmik, kirjutage kaardile head soovid ning saatke seemnekaart endale olulistele inimestele. Kus iganes kaardi l\u00f5plik sihtpunkt ka ei oleks, v\u00f5ib saaja paberi potti v\u00f5i peenrasse istutada ning taimede sirgumise \u00fcle r\u00f5\u00f5mustada.<\/p>\n<p>[\/et_pb_text][et_pb_video_slider admin_label=&#8221;Video Slider&#8221; show_image_overlay=&#8221;hide&#8221; show_arrows=&#8221;on&#8221; show_thumbnails=&#8221;on&#8221; controls_color=&#8221;light&#8221;] [et_pb_video_slider_item admin_title=&#8221;How to Grow Seed Paper&#8221; src=&#8221;https:\/\/youtu.be\/lEspKtiIYQw&#8221; background_layout=&#8221;dark&#8221; \/][et_pb_video_slider_item admin_title=&#8221;Growing book&#8221; src=&#8221;https:\/\/youtu.be\/upMJw5Tl0Lc&#8221; background_layout=&#8221;dark&#8221; \/] [\/et_pb_video_slider][et_pb_text admin_label=&#8221;Text&#8221; background_layout=&#8221;light&#8221; text_orientation=&#8221;left&#8221; use_border_color=&#8221;off&#8221; border_color=&#8221;#ffffff&#8221; border_style=&#8221;solid&#8221;]<\/p>\n<h3><\/h3>\n<h3>P\u00f5llulillede seemnepaber<\/h3>\n<p>Meie seemnepaberist kaardid on tehtud 100% taaskasutatud paberist ja tr\u00fckitud k\u00f5rgtr\u00fcki tehnikas. <strong>Vaatamata kujundusele on seemnepaberis alati sama lilleseemnete segu, mis koosneb j\u00e4rgmiste lillede seemnetest: meelespea (Myosotis arvensis), moon (Papaver rhoeas), kirikakar (Leucanthemum vulgare).<\/strong><\/p>\n<p>[\/et_pb_text][et_pb_image admin_label=&#8221;Image&#8221; src=&#8221;http:\/\/labora.ee\/et\/wp-content\/uploads\/2016\/05\/plants_new.jpg&#8221; show_in_lightbox=&#8221;on&#8221; url_new_window=&#8221;off&#8221; use_overlay=&#8221;off&#8221; animation=&#8221;off&#8221; sticky=&#8221;off&#8221; align=&#8221;center&#8221; force_fullwidth=&#8221;off&#8221; always_center_on_mobile=&#8221;on&#8221; use_border_color=&#8221;off&#8221; border_color=&#8221;#ffffff&#8221; border_style=&#8221;solid&#8221; max_width=&#8221;650px&#8221; \/][\/et_pb_column][\/et_pb_row][et_pb_row admin_label=&#8221;Row&#8221;][et_pb_column type=&#8221;4_4&#8243;][et_pb_text admin_label=&#8221;Text&#8221; background_layout=&#8221;light&#8221; text_orientation=&#8221;left&#8221; use_border_color=&#8221;off&#8221; border_color=&#8221;#ffffff&#8221; border_style=&#8221;solid&#8221;]<\/p>\n<h3>T\u00fc\u00fcmiani seemnepaber<\/h3>\n<div><a href=\"https:\/\/labora.ee\/et\/shop\/seed_paper_cards\/ristsona\/ \u200e\">T\u00fc\u00fcmiani seemnepaber<\/a> sisaldab t\u00fc\u00fcmiani seemneid. Kasutatakse taime lehti, kui ka \u00f5isi nii maitsestamiseks, kui ka tervislikel eesm\u00e4rkidel.<\/div>\n<div><\/div>\n<div>T\u00fc\u00fcmiani seemnepaberi kasvatamise juhend on sama nagu p\u00f5llulillede seemnepaberil, ainuke erinevus on t\u00fc\u00fcmiani kiire 1-2 n\u00e4dalane idanemisperiood. Vaata allpool kasutamisjuhendit.<\/div>\n<div><\/div>\n<div>T\u00fc\u00fcmiani seemnepaber on valmistatud 100% taaskasutatud paberist k\u00f5rgtr\u00fckki tehnikas. Hetkel on saadaval kahe erineva kujundusega rists\u00f5na-puslet, <a href=\"https:\/\/labora.ee\/et\/shop\/seed_paper_cards\/ristsona\/ \u200e\">eesti- ja ingliskeelne<\/a>. Saad \u00e4ra m\u00e4rgistada sulle sobiva s\u00f5numi &#8211; valida on erinevate v\u00f5imaluste vahel! <em>Palju \u00f5nne s\u00fcnnip\u00e4evaks; Ma armastan sind; Ma igatsen sind&#8230;<\/em> Kasuta v\u00f5imalust olla loov!<\/div>\n<p>[\/et_pb_text][et_pb_image admin_label=&#8221;Image&#8221; src=&#8221;https:\/\/labora.ee\/et\/wp-content\/uploads\/2018\/04\/thyme.jpg&#8221; show_in_lightbox=&#8221;off&#8221; url_new_window=&#8221;off&#8221; use_overlay=&#8221;off&#8221; animation=&#8221;off&#8221; sticky=&#8221;off&#8221; align=&#8221;left&#8221; force_fullwidth=&#8221;off&#8221; always_center_on_mobile=&#8221;on&#8221; use_border_color=&#8221;off&#8221; border_color=&#8221;#ffffff&#8221; border_style=&#8221;solid&#8221; \/][\/et_pb_column][\/et_pb_row][et_pb_row admin_label=&#8221;Row&#8221;][et_pb_column type=&#8221;4_4&#8243;][et_pb_text admin_label=&#8221;Kuidas istutada&#8221; background_layout=&#8221;light&#8221; text_orientation=&#8221;left&#8221; use_border_color=&#8221;off&#8221; border_color=&#8221;#ffffff&#8221; border_style=&#8221;solid&#8221;]<\/p>\n<h3>Kuidas seemnepaberit istutada:<\/h3>\n<p>Kui teile on saadetud meie seemnepaberile tr\u00fckitud kaart, nautige sinna kirjutatud \u00f5nnitlusi ja h\u00e4id soove. Kui olete kaarti juba piisavalt imetlenud ja teate \u00fcle r\u00f5\u00f5mustanud, on aeg see maha istutada. Kui soovite kaardil olevat kujundust ja teadet alles hoida, eemaldage kaardi perforeeritud osa ja istutage ainult see. Loomulikult v\u00f5ite istutada ka kogu kaardi \u2013 valik on teie: seemned on k\u00f5ikjal paberis!<\/p>\n<p>1. Leidke seemnepaberi istutamiseks soe ja p\u00e4ikseline koht. V\u00f5ite kaardi ka tuppa kasvama panna ja selle hiljem aeda \u00fcmber istutada.<\/p>\n<p>2. Asetage kaart mullale ja raputage sellele <strong>\u00f5huke<\/strong> kiht mulda. Seemnepaber ei tohiks olla rohkem kui paari millimeetri paksuse mullakihi all!<\/p>\n<p>3. Kastke\u00a0 seemnepaberit korralikult ja regulaarselt: on v\u00e4ga oluline, et see oleks kogu aeg <strong>niiske<\/strong>.<\/p>\n<p>4. Lilleseemned hakkavad idanema 2-3 n\u00e4dala jooksul. M\u00f5ned seemned vajavad idanema hakkamiseks rohkem aega kui teised, hoidke kannatlikku meelt!<\/p>\n<p>5. Lilled j\u00f5uavad oma t\u00e4ieliku kasvu ja \u00f5itsemiseni umbes kolme kuu p\u00e4rast.<\/p>\n<p>K\u00f5ik Tallinna Paberi seemnekaardid on saadaval meie <a href=\"https:\/\/labora.ee\/et\/shop\/\">e-poes<\/a> ja Tallinna vanalinnas aadressil Vene 18 asuvas Labora poes.<\/p>\n<p><i>Kas teie seemnekaart ei l\u00e4inud kasvama? Seda v\u00f5i juhtuda \u2013 enamasti on selle p\u00f5hjuseks, et kaart on idamemisperioodil kogemata \u00e4ra kuivanud. \u00c4rge muretsege, saatke meile lihtsalt foto oma istutatud seemnekaardist ja me saadame teile uue seemnekaardi tasuta!<\/i><\/p>\n<p>[\/et_pb_text][\/et_pb_column][\/et_pb_row][et_pb_row admin_label=&#8221;Row&#8221; make_fullwidth=&#8221;off&#8221; use_custom_width=&#8221;off&#8221; width_unit=&#8221;on&#8221; use_custom_gutter=&#8221;off&#8221; padding_mobile=&#8221;off&#8221; allow_player_pause=&#8221;off&#8221; parallax=&#8221;off&#8221; parallax_method=&#8221;off&#8221; make_equal=&#8221;off&#8221; parallax_1=&#8221;off&#8221; parallax_method_1=&#8221;off&#8221; column_padding_mobile=&#8221;on&#8221;][et_pb_column type=&#8221;4_4&#8243;][et_pb_gallery admin_label=&#8221;Gallery&#8221; gallery_ids=&#8221;355,1260,357,356&#8243; fullwidth=&#8221;on&#8221; show_title_and_caption=&#8221;on&#8221; show_pagination=&#8221;on&#8221; background_layout=&#8221;light&#8221; auto=&#8221;on&#8221; hover_overlay_color=&#8221;rgba(255,255,255,0.9)&#8221; caption_all_caps=&#8221;off&#8221; use_border_color=&#8221;off&#8221; border_color=&#8221;#ffffff&#8221; border_style=&#8221;solid&#8221;]<\/p>\n<p>&nbsp;<\/p>\n<p>[\/et_pb_gallery][\/et_pb_column][\/et_pb_row][\/et_pb_section]<\/p>\n","protected":false},"excerpt":{"rendered":"<p>&nbsp; Paber mis kasvab? Jah, kui selle maha istutate! Meie seemnepaber on valminud k\u00e4sit\u00f6\u00f6na Tallinna vanalinnas asuvas meistrikojas. Seemnepaberi valmistamisel kasutame \u00fcmbert\u00f6\u00f6deldud paberimassi, lisame sellele seemneid ja vormime segust leht-lehe haaval seemnepaberi. Kui kujundus on seemnepaberile tr\u00fckitud, on teie kord: valige oma lemmik, kirjutage kaardile head soovid ning saatke seemnekaart endale olulistele inimestele. Kus iganes [&hellip;]<\/p>\n","protected":false},"author":2,"featured_media":0,"parent":0,"menu_order":0,"comment_status":"open","ping_status":"open","template":"","meta":{"_et_pb_use_builder":"on","_et_pb_old_content":"","_et_gb_content_width":"","footnotes":""},"class_list":["post-123","page","type-page","status-publish","hentry"],"_links":{"self":[{"href":"https:\/\/labora.ee\/et\/wp-json\/wp\/v2\/pages\/123","targetHints":{"allow":["GET"]}}],"collection":[{"href":"https:\/\/labora.ee\/et\/wp-json\/wp\/v2\/pages"}],"about":[{"href":"https:\/\/labora.ee\/et\/wp-json\/wp\/v2\/types\/page"}],"author":[{"embeddable":true,"href":"https:\/\/labora.ee\/et\/wp-json\/wp\/v2\/users\/2"}],"replies":[{"embeddable":true,"href":"https:\/\/labora.ee\/et\/wp-json\/wp\/v2\/comments?post=123"}],"version-history":[{"count":5,"href":"https:\/\/labora.ee\/et\/wp-json\/wp\/v2\/pages\/123\/revisions"}],"predecessor-version":[{"id":2035,"href":"https:\/\/labora.ee\/et\/wp-json\/wp\/v2\/pages\/123\/revisions\/2035"}],"wp:attachment":[{"href":"https:\/\/labora.ee\/et\/wp-json\/wp\/v2\/media?parent=123"}],"curies":[{"name":"wp","href":"https:\/\/api.w.org\/{rel}","templated":true}]}}