{"id":121,"date":"2016-05-25T10:51:39","date_gmt":"2016-05-25T10:51:39","guid":{"rendered":"http:\/\/labora.ee\/et\/?page_id=121"},"modified":"2026-01-05T10:17:03","modified_gmt":"2026-01-05T08:17:03","slug":"kalligraafia-kool","status":"publish","type":"page","link":"https:\/\/labora.ee\/et\/kalligraafia-kool\/","title":{"rendered":"kalligraafia-kool\/kalligraafia-kursused\/"},"content":{"rendered":"<p>[et_pb_section fb_built=&#8221;1&#8243; fullwidth=&#8221;on&#8221; admin_label=&#8221;Section&#8221; _builder_version=&#8221;4.16&#8243; global_colors_info=&#8221;{}&#8221;][et_pb_fullwidth_header title=&#8221;Tallinna Kalligraafia kool&#8221; admin_label=&#8221;Calligraphy Header&#8221; _builder_version=&#8221;4.16&#8243; title_font_size=&#8221;36px&#8221; background_color=&#8221;rgba(255, 255, 255, 0)&#8221; background_image=&#8221;https:\/\/labora.ee\/et\/wp-content\/uploads\/2018\/04\/DSC_0516.jpg&#8221; background_layout=&#8221;light&#8221; custom_css_header_container=&#8221;{min-height:40vh;}&#8221; background_url=&#8221;https:\/\/labora.ee\/et\/wp-content\/uploads\/2018\/04\/DSC_0516.jpg&#8221; button_one_letter_spacing_hover=&#8221;0&#8243; button_two_letter_spacing_hover=&#8221;0&#8243; saved_tabs=&#8221;all&#8221; global_colors_info=&#8221;{}&#8221; button_one_text_size__hover_enabled=&#8221;off&#8221; button_two_text_size__hover_enabled=&#8221;off&#8221; button_one_text_color__hover_enabled=&#8221;off&#8221; button_two_text_color__hover_enabled=&#8221;off&#8221; button_one_border_width__hover_enabled=&#8221;off&#8221; button_two_border_width__hover_enabled=&#8221;off&#8221; button_one_border_color__hover_enabled=&#8221;off&#8221; button_two_border_color__hover_enabled=&#8221;off&#8221; button_one_border_radius__hover_enabled=&#8221;off&#8221; button_two_border_radius__hover_enabled=&#8221;off&#8221; button_one_letter_spacing__hover_enabled=&#8221;on&#8221; button_one_letter_spacing__hover=&#8221;0&#8243; button_two_letter_spacing__hover_enabled=&#8221;on&#8221; button_two_letter_spacing__hover=&#8221;0&#8243; button_one_bg_color__hover_enabled=&#8221;off&#8221; button_two_bg_color__hover_enabled=&#8221;off&#8221;][\/et_pb_fullwidth_header][\/et_pb_section][et_pb_section fb_built=&#8221;1&#8243; fullwidth=&#8221;on&#8221; admin_label=&#8221;Section&#8221; _builder_version=&#8221;4.16&#8243; global_colors_info=&#8221;{}&#8221;][et_pb_fullwidth_menu menu_id=&#8221;68&#8243; submenu_direction=&#8221;downwards&#8221; fullwidth_menu=&#8221;off&#8221; admin_label=&#8221;Fullwidth Menu&#8221; _builder_version=&#8221;4.16&#8243; background_color=&#8221;#f4f4f4&#8243; global_colors_info=&#8221;{}&#8221;][\/et_pb_fullwidth_menu][\/et_pb_section][et_pb_section fb_built=&#8221;1&#8243; admin_label=&#8221;section&#8221; _builder_version=&#8221;4.16&#8243; global_colors_info=&#8221;{}&#8221;][et_pb_row admin_label=&#8221;row&#8221; _builder_version=&#8221;4.16&#8243; background_size=&#8221;initial&#8221; background_position=&#8221;top_left&#8221; background_repeat=&#8221;repeat&#8221; global_colors_info=&#8221;{}&#8221;][et_pb_column type=&#8221;4_4&#8243; _builder_version=&#8221;4.16&#8243; custom_padding=&#8221;|||&#8221; global_colors_info=&#8221;{}&#8221; custom_padding__hover=&#8221;|||&#8221;][et_pb_text admin_label=&#8221;Text&#8221; _builder_version=&#8221;4.16&#8243; background_size=&#8221;initial&#8221; background_position=&#8221;top_left&#8221; background_repeat=&#8221;repeat&#8221; use_border_color=&#8221;off&#8221; border_color=&#8221;#ffffff&#8221; border_style=&#8221;solid&#8221; global_colors_info=&#8221;{}&#8221;]<\/p>\n<div>\n<p dir=\"ltr\"><a href=\"http:\/\/labora.ee\/et\/wp-content\/uploads\/2016\/05\/s01.jpg\"><img loading=\"lazy\" decoding=\"async\" class=\"ruumi alignright wp-image-489\" src=\"http:\/\/labora.ee\/et\/wp-content\/uploads\/2016\/05\/s01-300x200.jpg\" alt=\"calligraphy\" width=\"500\" height=\"333\" srcset=\"https:\/\/labora.ee\/et\/wp-content\/uploads\/2016\/05\/s01-300x200.jpg 300w, https:\/\/labora.ee\/et\/wp-content\/uploads\/2016\/05\/s01-510x340.jpg 510w, https:\/\/labora.ee\/et\/wp-content\/uploads\/2016\/05\/s01-768x512.jpg 768w, https:\/\/labora.ee\/et\/wp-content\/uploads\/2016\/05\/s01-1024x683.jpg 1024w, https:\/\/labora.ee\/et\/wp-content\/uploads\/2016\/05\/s01-1080x720.jpg 1080w\" sizes=\"(max-width: 500px) 100vw, 500px\" \/><\/a><\/p>\n<p><span style=\"font-weight: 400;\">Ukraina Kultuurikeskuse juhataja Anatoli Ljutjuk asutas Tallinna Kalligraafia Kooli 2005. aastal. Anatoli eesm\u00e4rgiks oli k\u00e4sitsi kirjutamise traditsiooni eluj\u00f5ulisena hoidmine. Oma s\u00f5nul sai ta inspiratsiooni kooli asutamiseks v\u00e4ikeselt kilpkonnakujuliselt tindipotilt, mis on Anatoli kaaslaseks olnud juba lapsep\u00f5lvest peale. T\u00e4naseks on kilpkonn meie pidevalt t\u00e4ienevas tindipottide kollektsioonis aukohal.<\/span><\/p>\n<p dir=\"ltr\"><span style=\"font-weight: 400;\">Kooli tarbeks rajati Ukraina Kultuurikeskuse keskaegsetesse ruumidesse unikaalne kalligraafiaklass ehk skriptroorium<\/span><i><span style=\"font-weight: 400;\">, <\/span><\/i><span style=\"font-weight: 400;\">kus kaksteist kalligraafialaudade ja -lampidega varustatud t\u00f6\u00f6kohta ootavad kirjakunstihuvilisi. Lahutamatuks osaks skriptoorumist on raamatukogu (libraarium), mis on koduks ainulaadsele kalligraafiaraamatute ja materjalide kollektsioonile.<\/span><\/p>\n<p dir=\"ltr\"><span style=\"font-weight: 400;\">Vastasutatud kalligraafiakoolis hakkas tunde andma tunnustatud Eesti kalligraafiameister &#8211; kuulsa Villu Tootsi \u00f5pilane Heino Kivihall. Esimesed tunnid toimusi 2005. aasta septembris. Kursustel osalesid huvilised erinevatest vanustest ja rahvustest ning mitmek\u00fclgsetelt elualadelt. Aastast aastasse tundis \u00fcha enam inimesi soovi kirjakunsti \u00f5ppida ja kalligraafiakogukonnaga liituda. <\/span><\/p>\n<p dir=\"ltr\"><span style=\"font-weight: 400;\">Tatiana Iakovleva l\u00e4bis Heino Kivihalli juures kolmeaastase kalligraafiakursuse ja osales Peterburi kalligraafiakeskuses \u201cOt Aza do Izitsy\u201d spetsiaalselt \u00f5petajatele m\u00f5eldud ettevalmistusel. Enne kalligraafia\u00f5pinguid l\u00f5petas Tatiana Peterburi Kunstiakadeemias ikoonide restaureerimise eriala. P\u00e4rast Tallinna ja Peterburi kursuste l\u00e4bimist hakkas ta meie koolis \u00a0kalligraafiat \u00f5petama. <\/span><\/p>\n<p dir=\"ltr\"><span style=\"font-weight: 400;\">Tallinna Kalligraafia Kool registreeriti ametliku koolina 2014. aastal, kooli juhataja on Tatiana Iakovleva. Tallinna Kalligraafia Kool pakub kolmeaastast \u00f5ppekava nii ladina kui vanavene kalligraafia suunal ning eraldi kursust lastele. Kooliaasta l\u00f5ppu t\u00e4histatakse traditsiooniliselt rahvusvahelise kalligraafian\u00e4ituse \u201cArs Littera\u201d avamisega. N\u00e4itus avatakse \u00fcheaegselt nii Tallinnas kui Peterburis ja selle v\u00e4ljapanekusse kuuluvad Tallinna Kalligraafia Kooli ning Peterburi kalligraafiakeskuse \u00f5pilaste ja \u00f5ppej\u00f5udude t\u00f6\u00f6d.<\/span><\/p>\n<p dir=\"ltr\"><span style=\"font-weight: 400;\">Esmasp\u00e4evast laup\u00e4evani oktoobrist maini koguneb igal \u00f5htul skriptoorumisse andekaid kalligraafia\u00f5pilasi. S\u00fcgistalvise linna t\u00e4navailt kiirustavad nad hubasesse skriptooriumisse, et pooleteiseks tunniks aeg maha v\u00f5tta ning paberit puudutavate kalligraafiasulgede pehmes sahinas kirjakunstile p\u00fchenduda. Meie kass D\u017eambur, kes on end lauale tindipottide ja paberite vahele r\u00f5ngasse kerinud, hoiab kalligraafide pingutustel osav\u00f5tlikult silma peal. <\/span><\/p>\n<p dir=\"ltr\"><span style=\"font-weight: 400;\">Pole vahet, kas olete algaja v\u00f5i edasij\u00f5udnud &#8211; ootame teid liituma!<\/span><\/p>\n<p><span style=\"font-weight: 400;\">Pakume nii aastaseid kursusi kui \u00fchekordseid t\u00f6\u00f6tubasid gruppidele. Aeg-ajalt toimuvad meie koolis avatud t\u00f6\u00f6toad, kuhu on v\u00f5imalik individuaalselt registreeruda. Lisainfot leiate meie <\/span><a href=\"http:\/\/labora.ee\/et\/workshops\/\"><span style=\"font-weight: 400;\">t\u00f6\u00f6tubade lehek\u00fcljelt<\/span><\/a><span style=\"font-weight: 400;\">. <\/span><span style=\"font-weight: 400;\">Samuti v\u00f5ite meiega alati \u00fchendust v\u00f5tta: kirjakool@gmail.com. K\u00f5ige uuemat inoft avatud t\u00f6\u00f6tubade kohta saate liitudes meie <\/span><span style=\"font-weight: 400;\">uudiskirjaga<\/span><span style=\"font-weight: 400;\">.<\/span><\/p>\n<\/div>\n<p>[\/et_pb_text][et_pb_gallery gallery_ids=&#8221;4158,2196,4159,4161,4160,2203,4162,2201&#8243; posts_number=&#8221;8&#8243; show_title_and_caption=&#8221;off&#8221; admin_label=&#8221;Gallery&#8221; _builder_version=&#8221;4.16&#8243; use_border_color=&#8221;off&#8221; border_color=&#8221;#ffffff&#8221; border_style=&#8221;solid&#8221; global_colors_info=&#8221;{}&#8221;][\/et_pb_gallery][\/et_pb_column][\/et_pb_row][\/et_pb_section]<\/p>\n","protected":false},"excerpt":{"rendered":"<p>Ukraina Kultuurikeskuse juhataja Anatoli Ljutjuk asutas Tallinna Kalligraafia Kooli 2005. aastal. Anatoli eesm\u00e4rgiks oli k\u00e4sitsi kirjutamise traditsiooni eluj\u00f5ulisena hoidmine. Oma s\u00f5nul sai ta inspiratsiooni kooli asutamiseks v\u00e4ikeselt kilpkonnakujuliselt tindipotilt, mis on Anatoli kaaslaseks olnud juba lapsep\u00f5lvest peale. T\u00e4naseks on kilpkonn meie pidevalt t\u00e4ienevas tindipottide kollektsioonis aukohal. Kooli tarbeks rajati Ukraina Kultuurikeskuse keskaegsetesse ruumidesse unikaalne kalligraafiaklass [&hellip;]<\/p>\n","protected":false},"author":2,"featured_media":0,"parent":0,"menu_order":0,"comment_status":"open","ping_status":"open","template":"","meta":{"_et_pb_use_builder":"on","_et_pb_old_content":"<p align=\"LEFT\">\u00a0<\/p><p>\u00a0<\/p>","_et_gb_content_width":"","footnotes":""},"class_list":["post-121","page","type-page","status-publish","hentry"],"_links":{"self":[{"href":"https:\/\/labora.ee\/et\/wp-json\/wp\/v2\/pages\/121","targetHints":{"allow":["GET"]}}],"collection":[{"href":"https:\/\/labora.ee\/et\/wp-json\/wp\/v2\/pages"}],"about":[{"href":"https:\/\/labora.ee\/et\/wp-json\/wp\/v2\/types\/page"}],"author":[{"embeddable":true,"href":"https:\/\/labora.ee\/et\/wp-json\/wp\/v2\/users\/2"}],"replies":[{"embeddable":true,"href":"https:\/\/labora.ee\/et\/wp-json\/wp\/v2\/comments?post=121"}],"version-history":[{"count":5,"href":"https:\/\/labora.ee\/et\/wp-json\/wp\/v2\/pages\/121\/revisions"}],"predecessor-version":[{"id":4636,"href":"https:\/\/labora.ee\/et\/wp-json\/wp\/v2\/pages\/121\/revisions\/4636"}],"wp:attachment":[{"href":"https:\/\/labora.ee\/et\/wp-json\/wp\/v2\/media?parent=121"}],"curies":[{"name":"wp","href":"https:\/\/api.w.org\/{rel}","templated":true}]}}