{"id":118,"date":"2016-05-25T10:50:50","date_gmt":"2016-05-25T10:50:50","guid":{"rendered":"http:\/\/labora.ee\/et\/?page_id=118"},"modified":"2020-11-11T14:16:22","modified_gmt":"2020-11-11T12:16:22","slug":"workshops","status":"publish","type":"page","link":"https:\/\/labora.ee\/et\/workshops\/","title":{"rendered":"T\u00f6\u00f6toad"},"content":{"rendered":"<p>[et_pb_section fb_built=&#8221;1&#8243; fullwidth=&#8221;on&#8221; _builder_version=&#8221;3.22&#8243;][et_pb_fullwidth_header title=&#8221;T\u00f6\u00f6toad&#8221; _builder_version=&#8221;3.16&#8243; title_font_size=&#8221;36px&#8221; background_color=&#8221;rgba(255, 255, 255, 0)&#8221; background_image=&#8221;http:\/\/labora.ee\/et\/wp-content\/uploads\/2016\/05\/workshopbanner.jpg&#8221; background_layout=&#8221;light&#8221; background_url=&#8221;http:\/\/labora.ee\/et\/wp-content\/uploads\/2016\/05\/workshopbanner.jpg&#8221; button_one_letter_spacing_hover=&#8221;0&#8243; button_two_letter_spacing_hover=&#8221;0&#8243; button_one_text_size__hover_enabled=&#8221;off&#8221; button_one_text_size__hover=&#8221;null&#8221; button_two_text_size__hover_enabled=&#8221;off&#8221; button_two_text_size__hover=&#8221;null&#8221; button_one_text_color__hover_enabled=&#8221;off&#8221; button_one_text_color__hover=&#8221;null&#8221; button_two_text_color__hover_enabled=&#8221;off&#8221; button_two_text_color__hover=&#8221;null&#8221; button_one_border_width__hover_enabled=&#8221;off&#8221; button_one_border_width__hover=&#8221;null&#8221; button_two_border_width__hover_enabled=&#8221;off&#8221; button_two_border_width__hover=&#8221;null&#8221; button_one_border_color__hover_enabled=&#8221;off&#8221; button_one_border_color__hover=&#8221;null&#8221; button_two_border_color__hover_enabled=&#8221;off&#8221; button_two_border_color__hover=&#8221;null&#8221; button_one_border_radius__hover_enabled=&#8221;off&#8221; button_one_border_radius__hover=&#8221;null&#8221; button_two_border_radius__hover_enabled=&#8221;off&#8221; button_two_border_radius__hover=&#8221;null&#8221; button_one_letter_spacing__hover_enabled=&#8221;on&#8221; button_one_letter_spacing__hover=&#8221;0&#8243; button_two_letter_spacing__hover_enabled=&#8221;on&#8221; button_two_letter_spacing__hover=&#8221;0&#8243; button_one_bg_color__hover_enabled=&#8221;off&#8221; button_one_bg_color__hover=&#8221;null&#8221; button_two_bg_color__hover_enabled=&#8221;off&#8221; button_two_bg_color__hover=&#8221;null&#8221;][\/et_pb_fullwidth_header][\/et_pb_section][et_pb_section fb_built=&#8221;1&#8243; fullwidth=&#8221;on&#8221; _builder_version=&#8221;3.22&#8243;][et_pb_fullwidth_menu menu_id=&#8221;236&#8243; _builder_version=&#8221;3.19.3&#8243; background_color=&#8221;#f4f4f4&#8243;][\/et_pb_fullwidth_menu][\/et_pb_section][et_pb_section fb_built=&#8221;1&#8243; admin_label=&#8221;section&#8221; _builder_version=&#8221;3.22&#8243;][et_pb_row column_structure=&#8221;1_2,1_2&#8243; admin_label=&#8221;row&#8221; _builder_version=&#8221;3.25&#8243; background_size=&#8221;initial&#8221; background_position=&#8221;top_left&#8221; background_repeat=&#8221;repeat&#8221;][et_pb_column type=&#8221;1_2&#8243; _builder_version=&#8221;3.25&#8243; custom_padding=&#8221;|||&#8221; custom_padding__hover=&#8221;|||&#8221;][et_pb_text admin_label=&#8221;Text&#8221; _builder_version=&#8221;4.4.3&#8243; text_font=&#8221;||||||||&#8221; header_font=&#8221;Open Sans||||||||&#8221; header_text_color=&#8221;#007d67&#8243; header_font_size=&#8221;21px&#8221; background_size=&#8221;initial&#8221; background_position=&#8221;top_left&#8221; background_repeat=&#8221;repeat&#8221; hover_enabled=&#8221;0&#8243; use_border_color=&#8221;off&#8221;]<\/p>\n<h1>Tule ja loo midagi kaunist omaenda k\u00e4tega!<\/h1>\n<p>Tule ja koge unikaalset kombinatsiooni k\u00e4sit\u00f6\u00f6st ja kunstist. Meie juures saad valmistada ise paberit, tr\u00fckkida k\u00f5rgtr\u00fckitehnikas, harjutada k\u00e4tt kalligraafias, meisterdada puut\u00f6\u00f6kojas, katsetada animatsiooni v\u00f5i kogeda traditsioonilist Ukraina k\u00f6\u00f6ki. Meie meeskond on rahvusvaheline, mitmekeelne, kvalifitseeritud ja valmis jagama teiega oma aega ja teadmisi!<\/p>\n<h1><span style=\"font-weight: 400;\">Miks just meid k\u00fclastada!<\/span><\/h1>\n<p><span style=\"font-weight: 400;\">\u00d5petame seda, milles oleme ise vilunud meistrid ja tahame anda edasi neid unikaalseid k\u00e4sit\u00f6\u00f6oskuseid nn paberivalmistamine, k\u00f5rgtr\u00fckitehnikas tr\u00fckkimine, kalligraafia ning t\u00fcpograafia. Tahame \u00e4ratada inimestes loomingulist enesekindlust ja uudishimu. Soovime n\u00e4idata, et k\u00e4tega t\u00f6\u00f6tamine on oma olemuselt v\u00e4\u00e4rtuslik ning tuletada meelde, et loomeprotsess ja sellesse kaasatud inimesed on olulisemad kui tulemus ise.<br \/><\/span><\/p>\n<h1>Kuidas meiega \u00fchendust v\u00f5tta?<\/h1>\n<p><span style=\"font-weight: 400;\"><span class=\"tojvnm2t a6sixzi8 abs2jz4q a8s20v7p t1p8iaqh k5wvi7nf q3lfd5jv pk4s997a bipmatt0 cebpdrjk qowsmv63 owwhemhu dp1hu0rb dhp61c6y iyyx5f41\">Pakume laias valikus t\u00f6\u00f6tubasid ja koostame igale grupile vastavalt vajadustele ja soovidele erilise kava. Saadke oma soovid ja k\u00fcsimused <a href=\"visit@labora.ee\">emailile<\/a>: visit@labora.ee v\u00f5i helistage + 372 56675672. Korraldame just teile sobiva t\u00f6\u00f6toa!<\/span><\/span><\/p>\n<p>[\/et_pb_text][\/et_pb_column][et_pb_column type=&#8221;1_2&#8243; _builder_version=&#8221;3.25&#8243; custom_padding=&#8221;|||&#8221; custom_padding__hover=&#8221;|||&#8221;][et_pb_image src=&#8221;https:\/\/labora.ee\/et\/wp-content\/uploads\/2019\/01\/DSC_0117mari.jpg&#8221; align_tablet=&#8221;center&#8221; align_phone=&#8221;&#8221; align_last_edited=&#8221;on|desktop&#8221; _builder_version=&#8221;3.23&#8243;][\/et_pb_image][\/et_pb_column][\/et_pb_row][\/et_pb_section]<\/p>\n","protected":false},"excerpt":{"rendered":"<p>Tule ja loo midagi kaunist omaenda k\u00e4tega! Tule ja koge unikaalset kombinatsiooni k\u00e4sit\u00f6\u00f6st ja kunstist. Meie juures saad valmistada ise paberit, tr\u00fckkida k\u00f5rgtr\u00fckitehnikas, harjutada k\u00e4tt kalligraafias, meisterdada puut\u00f6\u00f6kojas, katsetada animatsiooni v\u00f5i kogeda traditsioonilist Ukraina k\u00f6\u00f6ki. Meie meeskond on rahvusvaheline, mitmekeelne, kvalifitseeritud ja valmis jagama teiega oma aega ja teadmisi! Miks just meid k\u00fclastada! \u00d5petame seda, [&hellip;]<\/p>\n","protected":false},"author":2,"featured_media":0,"parent":0,"menu_order":0,"comment_status":"open","ping_status":"open","template":"","meta":{"_et_pb_use_builder":"on","_et_pb_old_content":"","_et_gb_content_width":"","footnotes":""},"class_list":["post-118","page","type-page","status-publish","hentry"],"_links":{"self":[{"href":"https:\/\/labora.ee\/et\/wp-json\/wp\/v2\/pages\/118","targetHints":{"allow":["GET"]}}],"collection":[{"href":"https:\/\/labora.ee\/et\/wp-json\/wp\/v2\/pages"}],"about":[{"href":"https:\/\/labora.ee\/et\/wp-json\/wp\/v2\/types\/page"}],"author":[{"embeddable":true,"href":"https:\/\/labora.ee\/et\/wp-json\/wp\/v2\/users\/2"}],"replies":[{"embeddable":true,"href":"https:\/\/labora.ee\/et\/wp-json\/wp\/v2\/comments?post=118"}],"version-history":[{"count":5,"href":"https:\/\/labora.ee\/et\/wp-json\/wp\/v2\/pages\/118\/revisions"}],"predecessor-version":[{"id":4040,"href":"https:\/\/labora.ee\/et\/wp-json\/wp\/v2\/pages\/118\/revisions\/4040"}],"wp:attachment":[{"href":"https:\/\/labora.ee\/et\/wp-json\/wp\/v2\/media?parent=118"}],"curies":[{"name":"wp","href":"https:\/\/api.w.org\/{rel}","templated":true}]}}